{"id":1310,"date":"2023-08-30T09:17:46","date_gmt":"2023-08-30T06:17:46","guid":{"rendered":"https:\/\/paripesaonl.com\/home\/"},"modified":"2025-05-24T15:06:36","modified_gmt":"2025-05-24T12:06:36","slug":"home","status":"publish","type":"page","link":"https:\/\/paripesaonl.com\/de\/","title":{"rendered":"Home"},"content":{"rendered":"<h2 class=\"w-text us_custom_e5367e89 has_text_color\"><span class=\"w-text-h\"><span class=\"w-text-value\">PariPesa ERFAHRUNGEN<\/span><\/span><\/h2>\n<div class=\"wpb_text_column us_custom_4076faf9 has_text_color\">\n<div class=\"wpb_wrapper\">\n<p>Eigent\u00fcmer vom PariPesa Casino ist die TechSolutions Group Limited, ein Unternehmen mit Hauptsitz in Zypern. Curacao ist jetzt f\u00fcr die Lizenzierung der Website zust\u00e4ndig. Sie bietet eine gro\u00dfe Auswahl an Casinospielen und Wettoptionen in mehr als 60 verschiedenen Sprachen.<\/p>\n<p>Gib niemals pers\u00f6nliche Daten an diese Website weiter oder erlaube ihr, diese zu speichern. Eine vertrauensw\u00fcrdige Benutzeroberfl\u00e4che und sichere Zahlungsmethoden sind das Ergebnis jahrelanger Erfahrung. Auch ihre Regeln sind einfach zu verstehen.<\/p>\n<p>Erfahre in unseren PariPesa Erfahrungen \u00fcber das Online Casino und die Sportwetten von PariPesa, indem du unseren Test liest.<\/p>\n<h2 class=\"w-text us_custom_e5367e89 has_text_color\"><span class=\"w-text-h\"><span class=\"w-text-value\">PariPesa ANMELDUNG UND EINLOGGEN<\/span><\/span><\/h2>\n<div class=\"wpb_text_column us_custom_4076faf9 has_text_color\">\n<div class=\"wpb_wrapper\">\n<p>Der Anmeldeprozess in einem Online Casino sollte nicht schwierig sein. Wir nehmen den ersten Kontakt mit dem Anbieter auf.<\/p>\n<p>Wenn es irgendwelche Probleme gibt, werden wir entscheiden, ob wir uns anmelden oder nicht. Lies weiter, um mehr \u00fcber die Er\u00f6ffnung eines PariPesa-Kontos zu erfahren!<\/p>\n<p>\u2013 W\u00e4hle einen Link bei uns aus, um PariPesa Deutschland zu starten<\/p>\n<p>\u2013 Melde dich jetzt ganz einfach an, indem du auf den Reiter \u201eRegistrierung\u201c klickst<\/p>\n<p>\u2013 F\u00fclle das Formular mit deinen eigenen Daten aus<\/p>\n<p>\u2013 Fertig! Zahl einfach Geld auf dein PariPesa-Konto ein und best\u00e4tige es dann per E-Mail, um den Bonus zu beanspruchen<\/p>\n<p>Die Anmeldung und der PariPesa Login sind schnell und sicher und dauern nur wenige Minuten.<\/p>\n<\/div>\n<\/div>\n<h2 class=\"w-text us_custom_e5367e89 has_text_color\"><span class=\"w-text-h\"><span class=\"w-text-value\">DIE PariPesa SPORTWETTEN AUSWAHL<\/span><\/span><\/h2>\n<div class=\"wpb_text_column us_custom_4076faf9 has_text_color\">\n<div class=\"wpb_wrapper\">\n<p>Aufgrund des guten Rufs von PariPesa als zuverl\u00e4ssige Wettseite kannst du dort auf eine Vielzahl von Fu\u00dfballspielen wetten. Die prestigetr\u00e4chtigsten Fu\u00dfballturniere der Welt sind bei PariPesa f\u00fcr Wetten zug\u00e4nglich.<\/p>\n<p>Eine Liste der beliebtesten Spiele, einschlie\u00dflich virtueller Sportarten, ist ebenfalls verf\u00fcgbar. Die Unternehmen sch\u00e4tzen und f\u00f6rdern diese Wetten als Beispiele f\u00fcr guten Glauben.<\/p>\n<p>\u2013 Leap Gaming<\/p>\n<p>\u2013 Edge Gaming<\/p>\n<p>\u2013 1\u00d72 Network<\/p>\n<p>\u2013 Global Bet<\/p>\n<p>Jede Sportart hat ihren eigenen Bereich im virtuellen Sportbereich. Wetten auf simulierte Ereignisse und Sportarten k\u00f6nnen im globalen Wettkorridor platziert werden.<\/p>\n<\/div>\n<\/div>\n<h2 class=\"w-text us_custom_e5367e89 has_text_color\"><span class=\"w-text-h\"><span class=\"w-text-value\">SPORTWETTEN M\u00c4RKTE UND WETTM\u00d6GLICHKEITEN<\/span><\/span><\/h2>\n<div class=\"wpb_text_column us_custom_4076faf9 has_text_color\">\n<div class=\"wpb_wrapper\">\n<p>Ein Buchmacher, der sowohl Einzel- als auch Mehrfachwetten annimmt, ist PariPesa. In finanziellen Angelegenheiten kann kein Fehler gemacht werden.<\/p>\n<p>Bei diesem Service werden auch Systemwetten akzeptiert. Handicap-Wetten sind eine von mehreren verschiedenen Wettarten, die auf der PariPesa-Website platziert werden k\u00f6nnen. Es gibt mehr Wettm\u00f6glichkeiten als nur korrektes Resultat, wer das Tor schie\u00dft oder Halbzeit.<\/p>\n<p>Neben der Gesamtzahl der Tore kann auch auf bestimmte Torsch\u00fctzen, den genauen Spielstand, das Ergebnis zur Halbzeit und vieles mehr gewettet werden.<\/p>\n<\/div>\n<\/div>\n<h2 class=\"w-text us_custom_e5367e89 has_text_color\"><span class=\"w-text-h\"><span class=\"w-text-value\">DIE PariPesa LIVE WETTEN<\/span><\/span><\/h2>\n<div class=\"w-separator size_custom\">Viele Wetter glauben, dass die Teilnahme an Live-Wetten am spannendsten ist. Sie sind noch faszinierender, weil sie eine hohe Wahrscheinlichkeit haben und in Echtzeit verfolgt werden k\u00f6nnen.<\/div>\n<div class=\"wpb_text_column us_custom_4076faf9 has_text_color\">\n<div class=\"wpb_wrapper\">\n<p>Au\u00dferdem bietet PariPesa Live Wetten im Spiel an. Eine faszinierende Neuerung ist die M\u00f6glichkeit, w\u00e4hrend des Spiels Wetten zu platzieren. Das Unternehmen hat eine gro\u00dfe Auswahl an Sportarten im Angebot. Aber Fu\u00dfball ist nicht das einzige Thema des Buches.<\/p>\n<p>Du kannst auch bei virtuellen Sportarten wie Tischtennis, Basketball, Eishockey, Basketball, Volleyball, Beachvolleyball und Pferderennen mitmachen.<\/p>\n<\/div>\n<\/div>\n<h2 class=\"w-text us_custom_e5367e89 has_text_color\"><span class=\"w-text-h\"><span class=\"w-text-value\">ESPORT WETTEN<\/span><\/span><\/h2>\n<div class=\"w-separator size_custom\">Wie bei jedem seri\u00f6sen Sportwettenanbieter wirst du sicherlich auch eSports in dein Angebot aufnehmen.<\/div>\n<div class=\"wpb_text_column us_custom_4076faf9 has_text_color\">\n<div class=\"wpb_wrapper\">\n<p>Einige der beliebtesten Spiele sind League of Legends, Fortnite, Counter-Strike: Global Offensive, Overwatch, Starcraft II und Dota 2. Zus\u00e4tzlich zu den Tausenden von regelm\u00e4\u00dfigen Spielern, die auf diese Spiele wetten, veranstaltet PariPesa auch Turniere nur f\u00fcr sie.<\/p>\n<\/div>\n<\/div>\n<h2 class=\"w-text us_custom_e5367e89 has_text_color\"><span class=\"w-text-h\"><span class=\"w-text-value\">PariPesa QUOTEN<\/span><\/span><\/h2>\n<div class=\"wpb_text_column us_custom_4076faf9 has_text_color\">\n<div class=\"wpb_wrapper\">\n<p>Wir k\u00f6nnen mit Sicherheit sagen, dass PariPesa die besten Quoten hat, nachdem wir die Quoten anderer Sportwetten Anbieter genutzt haben.<\/p>\n<p>Indem er so viele Quoten \u00fcber alle M\u00e4rkte hinweg anbietet, war der Anbieter offensichtlich nicht sparsam. Sie sind der Meinung, dass sowohl die Nutzer als auch die Website selbst die gleichen Gewinnchancen haben sollten.<\/p>\n<\/div>\n<\/div>\n<h2 class=\"w-text us_custom_e5367e89 has_text_color\"><span class=\"w-text-h\"><span class=\"w-text-value\">PariPesa BEWERTUNG DES CASINOS IN DEUTSCHLAND<\/span><\/span><\/h2>\n<div class=\"wpb_text_column us_custom_4076faf9 has_text_color\">\n<div class=\"wpb_wrapper\">\n<p>W\u00e4hrend unseres Aufenthalts im PariPesa Casino haben wir festgestellt, dass das Casino seinem guten Ruf gerecht wird, indem es den Spielern eine gro\u00dfe Auswahl an Wettm\u00f6glichkeiten bietet. Es ist beeindruckend, dass 60 Softwareunternehmen etwa 3000 Spiele entwickelt haben.<\/p>\n<p>Eigentlich haben wir mit verschiedenen Slots wie Jurassic Park, South Park, Thunderstruck II, Dead or Alive und Immortal Romance angefangen. Aber die folgende Aufschl\u00fcsselung wird dir helfen zu verstehen, was passiert.<\/p>\n<\/div>\n<\/div>\n<h2 class=\"w-text us_custom_e5367e89 has_text_color\"><span class=\"w-text-h\"><span class=\"w-text-value\">ONLINE SPIELAUTOMATEN UND SLOTS<\/span><\/span><\/h2>\n<div class=\"wpb_text_column us_custom_4076faf9 has_text_color\">\n<div class=\"wpb_wrapper\">\n<p>Die gro\u00dfe Auswahl an Slots bei PariPesa Austria ist die Hauptattraktion der Seite. Traditionelle Spielautomaten und Themen, die auf Filmen und Bands wie AC\/DC und den Rolling Stones basieren, sind nur einige Beispiele f\u00fcr Spielautomaten-Themen.<\/p>\n<p>Es gibt mehrere Spiele zur Auswahl, und jedes hat eine Reihe von Vorteilen wie Freispiele, einzigartige Rabatte, feste und progressive Jackpots und Gewinnspiele. Somit bietet diese Website alle M\u00f6glichkeiten, die ein Spieler braucht.<\/p>\n<p>Ein paar Beispiele f\u00fcr beliebte Romane sind: Crystal Sun, Wild Rodeo, Narcos, Golden Dragon Club, Fear the Zombies, Mot\u00f6rhead, Wild Dragon, God of the Sea, Football Star, Starlight, Goal for Gold, Hulk, Gold Digger, Football Studio.<\/p>\n<\/div>\n<\/div>\n<h2 class=\"w-text us_custom_e5367e89 has_text_color\"><span class=\"w-text-h\"><span class=\"w-text-value\">LIVE DEALER SPIELE<\/span><\/span><\/h2>\n<div class=\"wpb_text_column us_custom_4076faf9 has_text_color\">\n<div class=\"wpb_wrapper\">\n<p>Der Live-Bereich bietet Poker, Blackjack, Roulette und Baccarat. Der Spieler kann aus einer Vielzahl von Poker- und Baccarat-Spielen w\u00e4hlen.<\/p>\n<p>Jede Einrichtung bietet sowohl moderne als auch alte Spielautomaten an. Eine Reihe von bekannten Entwicklern, darunter Authentic Gaming, Lucky Streak, BBIN Live Games, Ezugi, HoGaming und GamePlay, haben Spiele bei PariPesa im Angebot.<\/p>\n<p>Um den Service nutzen zu k\u00f6nnen, brauchst du lediglich eine zuverl\u00e4ssige Internetverbindung. Denke daran, dass das Wetten um echtes Geld nur in echten Casinos erlaubt ist.<\/p>\n<\/div>\n<\/div>\n<h2 class=\"w-text us_custom_e5367e89 has_text_color\"><span class=\"w-text-h\"><span class=\"w-text-value\">PariPesa BINGO<\/span><\/span><\/h2>\n<div class=\"wpb_text_column us_custom_4076faf9 has_text_color\">\n<div class=\"wpb_wrapper\">\n<p>PariPesa provides about 1100 unique slots and games that users can enjoy. These are widely dispersed among the available betting sections. Jackpot slots, casino games, video poker, and live casinos are some of them.<\/p>\n<p>Promotions and bonuses are essential. For both new and returning clients, the PariPesa Casino presents some perks. While the current clients find reasons to stick around, the new players at least have something to work with. The PariPesa promos page never seems to run out of goodies.<\/p>\n<p>Top-tier software vendors were used by PariPesa to outsource its slot machines. They include Evolution and Pragmatic Play in their list. With these suppliers, PariPesa Casino can ensure high-quality games.F\u00fcr diejenigen, die keine Lust auf modernere Spiele wie Slots oder Live-Spiele haben, gibt es wunderbare Oldies wie Bingo. Nach einigem Suchen sind wir auf Bingo 90 und Bingo 80 gesto\u00dfen, die eine gute Wahl f\u00fcr eine vertrauensw\u00fcrdige und sichere Gl\u00fccksspiel-Seite zu sein scheinen.<\/p>\n<p>Au\u00dferdem gibt es eine gro\u00dfe Anzahl von Softwareanbietern, so dass wir garantieren k\u00f6nnen, dass immer die besten Produkte verf\u00fcgbar sind.<\/p>\n<\/div>\n<\/div>\n<h2 class=\"w-text us_custom_e5367e89 has_text_color\"><span class=\"w-text-h\"><span class=\"w-text-value\">PariPesa EIN- UND AUSZAHLUNGSMETHODEN<\/span><\/span><\/h2>\n<div class=\"wpb_text_column us_custom_4076faf9 has_text_color\">\n<div class=\"wpb_wrapper\">\n<p>The Casino boasts some original and modified slots, which are legal. There are many games and slot machines in each betting area. Slot machines, including 300 Shields, Soccer Safari, Bonanza, Flame Busters, and Fruit Warp, are some of the most played at this casino.Wenn du schon eine Weile Online Casinos spielst, hast du wahrscheinlich eine bevorzugte Methode, um Geld auf dein Konto einzuzahlen. Diejenigen, die sich in der iGaming-Branche nicht auskennen, wissen aber vielleicht nicht, wo sie anfangen sollen.<\/p>\n<p>Deshalb sind die zahlreichen Ein- und Auszahlungsm\u00f6glichkeiten, die PariPesa anbietet, in der folgenden Tabelle zusammengefasst.<\/p>\n<\/div>\n<\/div>\n<h2 class=\"w-text us_custom_e5367e89 has_text_color\"><span class=\"w-text-h\"><span class=\"w-text-value\">DIE DEUTSCHEN EINZAHLUNGSMETHODEN<\/span><\/span><\/h2>\n<div class=\"wpb_text_column us_custom_4076faf9 has_text_color\">\n<div class=\"wpb_wrapper\">\n<p>Auf dein PariPesa-Konto kannst du mit einer Vielzahl von Methoden einzahlen. Die Liste der akzeptierten Zahlungsoptionen umfasst mittlerweile eine Vielzahl weiterer Kryptow\u00e4hrungen, darunter: Payeer, Skrill, Klarna, MuchBetter, ecoPayz, Maestro, MasterCard, Visa und Neteller sind nur einige der Zahlungsm\u00f6glichkeiten, die dir zur Verf\u00fcgung stehen.<\/p>\n<\/div>\n<\/div>\n<h2 class=\"w-text us_custom_e5367e89 has_text_color\"><span class=\"w-text-h\"><span class=\"w-text-value\">DIE DEUTSCHEN AUSZAHLUNGSMETHODEN<\/span><\/span><\/h2>\n<div class=\"wpb_text_column us_custom_4076faf9 has_text_color\">\n<div class=\"wpb_wrapper\">\n<p>Die Auszahlungen sind immer wichtig, denn niemand m\u00f6chte in einem Online Casino spielen, das sich nicht um die Auszahlung von Gewinnern k\u00fcmmert. Alle Details, die du f\u00fcr eine Auszahlung bei PariPesa wissen musst, findest du hier.<\/p>\n<p>Bitte beachte die folgenden Punkte, bevor du eine Auszahlung vornimmst:<\/p>\n<p>\u2013 Die Mindestauszahlungsbetr\u00e4ge sind auf der PariPesa-Website aufgef\u00fchrt<\/p>\n<p>\u2013 Auszahlungen werden \u00fcber dasselbe Zahlungsportal abgewickelt, \u00fcber das auch die Einzahlung erfolgt ist<\/p>\n<p>\u2013 Auszahlungen mit Debitkarten k\u00f6nnen bis zu 7 Tage dauern, w\u00e4hrend Transaktionen mit e-Wallets in etwa 15 Minuten abgeschlossen werden k\u00f6nnen<\/p>\n<p>\u2013 Die \u00dcberpr\u00fcfung der Kundenidentit\u00e4t (Know Your Customer, KYC) ist f\u00fcr mehrere Zahlungsarten vorgeschrieben<\/p>\n<h2 class=\"w-text us_custom_e5367e89 has_text_color\"><span class=\"w-text-h\"><span class=\"w-text-value\">DIE SICHERHEIT UND LIZENZ DES ANBIETERS<\/span><\/span><\/h2>\n<div class=\"wpb_text_column\">\n<div class=\"wpb_wrapper\">\n<p>Wir haben die Sicherheit von PariPesa genau unter die Lupe genommen und sind zu folgenden Ergebnissen gekommen: Die TechSolutions Group N.V., die mit einer Cura\u00e7ao eGaming-Lizenz (konkret 8048\/JAZ\/2017-067) arbeitet, ist f\u00fcr PariPesa verantwortlich.<\/p>\n<p>Das Casino arbeitet ausschlie\u00dflich mit seri\u00f6sen Zahlungsdienstleistern zusammen, die die PCI-DSS- und SSL-Verschl\u00fcsselungsstandards einhalten und so den Schutz des Geldes ihrer Kunden garantieren.<\/p>\n<p>Um deine Privatsph\u00e4re zu sch\u00fctzen, setzt PariPesa ein Know Your Customer (KYC) Verfahren ein, um deine Identit\u00e4t zu \u00fcberpr\u00fcfen und sicherzustellen, dass du \u00fcber 18 Jahre alt bist.<\/p>\n<\/div>\n<\/div>\n<div class=\"w-separator size_custom\"><\/div>\n<div class=\"w-text us_custom_d6a7f224 has_text_color\"><span class=\"w-text-h\"><span class=\"w-text-value\">FIRMENINHABER<\/span><\/span><\/div>\n<div class=\"w-separator size_custom\"><\/div>\n<div class=\"w-text us_custom_d6a7f224 has_text_color\"><span class=\"w-text-h\"><span class=\"w-text-value\">DIGIMEDIA LIMITED CASINOS<\/span><\/span><\/div>\n<div class=\"w-separator size_custom\"><\/div>\n<div class=\"w-text us_custom_d6a7f224 has_text_color\"><span class=\"w-text-h\"><span class=\"w-text-value\">OFFIZIELLE LIZENZ<\/span><\/span><\/div>\n<div class=\"w-separator size_custom\"><\/div>\n<div class=\"w-text us_custom_d6a7f224 has_text_color\"><span class=\"w-text-h\"><span class=\"w-text-value\">MALTA GAMING AUTHORITY (MGA)<\/span><\/span><\/div>\n<\/div>\n<\/div>\n<\/div>\n<\/div>\n","protected":false},"excerpt":{"rendered":"<p>PariPesa ERFAHRUNGEN Eigent\u00fcmer vom PariPesa Casino ist die TechSolutions Group Limited, ein Unternehmen mit Hauptsitz in Zypern. Curacao ist jetzt f\u00fcr die Lizenzierung der Website zust\u00e4ndig. Sie bietet eine gro\u00dfe Auswahl an Casinospielen und Wettoptionen in mehr als 60 verschiedenen Sprachen. Gib niemals pers\u00f6nliche Daten an diese Website weiter oder erlaube ihr, diese zu speichern. [&hellip;]<\/p>\n","protected":false},"author":1,"featured_media":0,"parent":0,"menu_order":0,"comment_status":"closed","ping_status":"closed","template":"","meta":{"footnotes":""},"class_list":["post-1310","page","type-page","status-publish","hentry"],"acf":[],"yoast_head":"<!-- This site is optimized with the Yoast SEO plugin v25.1 - https:\/\/yoast.com\/wordpress\/plugins\/seo\/ -->\n<title>Home - PariPesa ONLINE: SICHERE WETTSEITE<\/title>\n<meta name=\"robots\" content=\"index, follow, max-snippet:-1, max-image-preview:large, max-video-preview:-1\" \/>\n<link rel=\"canonical\" href=\"https:\/\/paripesaonl.com\/de\/\" \/>\n<meta property=\"og:locale\" content=\"de_DE\" \/>\n<meta property=\"og:type\" content=\"article\" \/>\n<meta property=\"og:title\" content=\"Home - PariPesa ONLINE: SICHERE WETTSEITE\" \/>\n<meta property=\"og:description\" content=\"PariPesa ERFAHRUNGEN Eigent\u00fcmer vom PariPesa Casino ist die TechSolutions Group Limited, ein Unternehmen mit Hauptsitz in Zypern. Curacao ist jetzt f\u00fcr die Lizenzierung der Website zust\u00e4ndig. Sie bietet eine gro\u00dfe Auswahl an Casinospielen und Wettoptionen in mehr als 60 verschiedenen Sprachen. Gib niemals pers\u00f6nliche Daten an diese Website weiter oder erlaube ihr, diese zu speichern. [&hellip;]\" \/>\n<meta property=\"og:url\" content=\"https:\/\/paripesaonl.com\/de\/\" \/>\n<meta property=\"og:site_name\" content=\"PariPesa ONLINE: SICHERE WETTSEITE\" \/>\n<meta property=\"article:modified_time\" content=\"2025-05-24T12:06:36+00:00\" \/>\n<meta name=\"twitter:card\" content=\"summary_large_image\" \/>\n<meta name=\"twitter:label1\" content=\"Gesch\u00e4tzte Lesezeit\" \/>\n\t<meta name=\"twitter:data1\" content=\"7\u00a0Minuten\" \/>\n<!-- \/ Yoast SEO plugin. -->","yoast_head_json":{"title":"Home - PariPesa ONLINE: SICHERE WETTSEITE","robots":{"index":"index","follow":"follow","max-snippet":"max-snippet:-1","max-image-preview":"max-image-preview:large","max-video-preview":"max-video-preview:-1"},"canonical":"https:\/\/paripesaonl.com\/de\/","og_locale":"de_DE","og_type":"article","og_title":"Home - PariPesa ONLINE: SICHERE WETTSEITE","og_description":"PariPesa ERFAHRUNGEN Eigent\u00fcmer vom PariPesa Casino ist die TechSolutions Group Limited, ein Unternehmen mit Hauptsitz in Zypern. Curacao ist jetzt f\u00fcr die Lizenzierung der Website zust\u00e4ndig. Sie bietet eine gro\u00dfe Auswahl an Casinospielen und Wettoptionen in mehr als 60 verschiedenen Sprachen. Gib niemals pers\u00f6nliche Daten an diese Website weiter oder erlaube ihr, diese zu speichern. [&hellip;]","og_url":"https:\/\/paripesaonl.com\/de\/","og_site_name":"PariPesa ONLINE: SICHERE WETTSEITE","article_modified_time":"2025-05-24T12:06:36+00:00","twitter_card":"summary_large_image","twitter_misc":{"Gesch\u00e4tzte Lesezeit":"7\u00a0Minuten"},"schema":{"@context":"https:\/\/schema.org","@graph":[{"@type":"WebPage","@id":"https:\/\/paripesaonl.com\/de\/","url":"https:\/\/paripesaonl.com\/de\/","name":"Home - PariPesa ONLINE: SICHERE WETTSEITE","isPartOf":{"@id":"https:\/\/paripesaonl.com\/#website"},"datePublished":"2023-08-30T06:17:46+00:00","dateModified":"2025-05-24T12:06:36+00:00","breadcrumb":{"@id":"https:\/\/paripesaonl.com\/de\/#breadcrumb"},"inLanguage":"de","potentialAction":[{"@type":"ReadAction","target":["https:\/\/paripesaonl.com\/de\/"]}]},{"@type":"BreadcrumbList","@id":"https:\/\/paripesaonl.com\/de\/#breadcrumb","itemListElement":[{"@type":"ListItem","position":1,"name":"Home","item":"https:\/\/paripesaonl.com\/de\/"},{"@type":"ListItem","position":2,"name":"Home"}]},{"@type":"WebSite","@id":"https:\/\/paripesaonl.com\/#website","url":"https:\/\/paripesaonl.com\/","name":"PariPesa ONLINE: SICHERE WETTSEITE","description":"","potentialAction":[{"@type":"SearchAction","target":{"@type":"EntryPoint","urlTemplate":"https:\/\/paripesaonl.com\/?s={search_term_string}"},"query-input":{"@type":"PropertyValueSpecification","valueRequired":true,"valueName":"search_term_string"}}],"inLanguage":"de"}]}},"_links":{"self":[{"href":"https:\/\/paripesaonl.com\/de\/wp-json\/wp\/v2\/pages\/1310","targetHints":{"allow":["GET"]}}],"collection":[{"href":"https:\/\/paripesaonl.com\/de\/wp-json\/wp\/v2\/pages"}],"about":[{"href":"https:\/\/paripesaonl.com\/de\/wp-json\/wp\/v2\/types\/page"}],"author":[{"embeddable":true,"href":"https:\/\/paripesaonl.com\/de\/wp-json\/wp\/v2\/users\/1"}],"replies":[{"embeddable":true,"href":"https:\/\/paripesaonl.com\/de\/wp-json\/wp\/v2\/comments?post=1310"}],"version-history":[{"count":21,"href":"https:\/\/paripesaonl.com\/de\/wp-json\/wp\/v2\/pages\/1310\/revisions"}],"predecessor-version":[{"id":2202,"href":"https:\/\/paripesaonl.com\/de\/wp-json\/wp\/v2\/pages\/1310\/revisions\/2202"}],"wp:attachment":[{"href":"https:\/\/paripesaonl.com\/de\/wp-json\/wp\/v2\/media?parent=1310"}],"curies":[{"name":"wp","href":"https:\/\/api.w.org\/{rel}","templated":true}]}}