{"id":1345,"date":"2023-09-04T20:53:51","date_gmt":"2023-09-04T17:53:51","guid":{"rendered":"https:\/\/paripesaonl.com\/app\/"},"modified":"2025-05-23T11:32:05","modified_gmt":"2025-05-23T08:32:05","slug":"app","status":"publish","type":"page","link":"https:\/\/paripesaonl.com\/de\/app\/","title":{"rendered":"PariPesa APP: OFFIZIELLE WETT-APP AUF GELD"},"content":{"rendered":"<h2>\u00dcBERPR\u00dcFUNG DER MOBILEN APP<\/h2>\n<p>Eine Gl\u00fccksspiel Seite, die von einem mobilen Ger\u00e4t aus einfach zu besuchen ist, ist eine mobilfreundliche Website. Aus diesem Grund haben wir uns entschieden, unseren PariPesa App Bewertung der \u00d6ffentlichkeit zug\u00e4nglich zu machen.<\/p>\n<p>Es geht um PariPesa, einen bekannten Online Wettanbieter, und seine mobilen Wettoptionen. Eine der besten Alternativen f\u00fcr deutsche Wettende ist zweifelsohne die PariPesa Application.<\/p>\n<h2>WAS PariPesa F\u00dcR IOS NUTZER ANBIETET<\/h2>\n<p>Angesichts der enormen Anzahl von Spielern, die diese Ger\u00e4te nutzen, macht die spezielle Software von PariPesa f\u00fcr Apple Mobilger\u00e4te mit einem anderen Betriebssystem als Android (iOS) Sinn.<\/p>\n<p>Wie viele andere Apps auch, kannst du die Sportwetten App und das Online Casino aus dem App Store herunterladen. Beide Programme ben\u00f6tigen etwas Arbeitsspeicher auf deinem mobilen Ger\u00e4t.<\/p>\n<h2>ANDROID GENIESST PariPesa VORTEILE<\/h2>\n<p>Au\u00dferhalb der iOS Version gibt es auch mehrere Android Apps, mit denen du auf die Dienste von PariPesa zugreifen kannst. Wenn du die mobile Website mit einer Wett App nutzen m\u00f6chtest, halte nach den Links zu den Download-Seiten f\u00fcr die Wett Apps Ausschau. Da Google nur eine bestimmte Anzahl von Gl\u00fccksspiel Apps zul\u00e4sst, ist die PariPesa Android-App nicht st\u00e4ndig verf\u00fcgbar.<\/p>\n<p>Auf der anderen Seite teilt PariPesa h\u00e4ufig Links zur PariPesa APK Datei zum Download. Um die sichere PariPesa App zu bekommen, klicke einfach auf den Link auf unserer Website.<\/p>\n<h2>INSTALLIERE DIE APP, DAMIT DU DICH BLITZSCHNELL ANMELDEN KANNST<\/h2>\n<p>Die PariPesa iOS App kannst du wie jedes andere Softwareprogramm herunterladen und installieren. Wenn du auf Schwierigkeiten st\u00f6\u00dft, lies die Anweisungen auf der Website sorgf\u00e4ltig durch oder wende dich an den Kundenservice von PariPesa.<\/p>\n<p>Wenn du ein Android-Handy hast, gehst du auf die Website des Wettanbieters, klickst auf den Link f\u00fcr die PariPesa Android App (oben auf der Seite) und installierst die App dann wie angegeben.<\/p>\n<p>Die Installation ist einfach und wird auf der Website ausf\u00fchrlich beschrieben. Bitte wende dich an den Kundensupport, wenn du Hilfe bei Problemen brauchst.<\/p>\n<h2>ES GIBT AUCH EINE GROSSARTIGE WEB-APP<\/h2>\n<p>Heutzutage ist der Zugang zu einer Vielzahl von Online Sportwetten so einfach wie die Nutzung des Browsers deines mobilen Ger\u00e4ts. Mit Ausnahme eines mobilfreundlicheren Stils ist die hervorragende mobile Website von PariPesa.com Sportwetten eine exakte Kopie der Desktop-Version.<\/p>\n<p>Du kannst sie mit jedem beliebigen Webbrowser auf jedem mobilen Ger\u00e4t aufrufen (Opera, Safari, Mozilla, Microsoft Edge). Wenn du auf der Website ankommst, kannst du dich entweder in ein bestehendes Konto einloggen oder ein neues erstellen (wenn du noch kein registriertes Mitglied dieser Website bist).<\/p>\n<p>Oben auf der Seite befinden sich Schnellschaltfl\u00e4chen f\u00fcr die Anmeldung und das Einloggen. Au\u00dferdem gibt es ein Einstellungsmen\u00fc, indem du ausw\u00e4hlen kannst, welches Website-Material angezeigt werden soll (Sportwetten, eSports, PariPesa Casino, Live Casino, Kontoeinstellungen und andere).<\/p>\n<p>Die Benutzeroberfl\u00e4che der mobilen Website von PariPesa ist recht einfach, sodass die Eingew\u00f6hnung nicht allzu lange dauern sollte. Die Kunden haben Zugang zu allen Funktionen der Desktop-Version.<\/p>\n<h2>WELCHE SIND DIE KOMPATIBLEN GER\u00c4TE<\/h2>\n<p>Die meisten modernen Smartphones, iPhones, iPads und Tablets sind mit dem mobilen Casino von PariPesa kompatibel. Jedes Ger\u00e4t mit iOS oder Android kann die App herunterladen. Das Programm wird online gehostet, also kann es auch mit jedem anderen Betriebssystem genutzt werden.<\/p>\n<h2>PariPesa APP UND WEB APP: DIE CASINO SPIELE<\/h2>\n<p>Die Plattform bietet den Kunden bereits Zugang zu mehr als 3.000 Spielen. Du kannst traditionelle Slots oder Online Spielautomaten mit enormen Gewinnen spielen. Alle Partner von PariPesa Casino sind angesehene Unternehmen, die daf\u00fcr bekannt sind, Produkte von h\u00f6chstem Niveau zu entwickeln, darunter Spiele, Grafiken und Soundeffekte.<\/p>\n<p>Starte die App, oder wenn du online Slots spielst, navigiere zur Startseite der Website. \u00dcber den Reiter \u201eCasino\u201c in der Men\u00fcleiste kannst du den Reiter \u201eSlots\u201c \u00f6ffnen. \u00dcber die PariPesa iOS-App gelangst du dann zum folgenden Bildschirm, auf dem du dein Spiel ausw\u00e4hlen kannst. Das System bietet einschl\u00e4gige Filter, um die Benutzerfreundlichkeit zu erh\u00f6hen.<\/p>\n<p>Um deine Suche auf einen bestimmten Slot zu fokussieren, kannst du eine Reihe von Kriterien verwenden, darunter Spieltyp, Hersteller und Thema. St\u00f6bere einfach in den Angeboten und profitiere von den aktuellen Rabatten. Die Spiele k\u00f6nnen auf verschiedene Arten angeordnet werden, z. B. \u201eFavorit\u201c, \u201eBeliebt\u201d, \u201eNeu\u201c und so weiter.<\/p>\n<p>Hier befindet sich auch eine n\u00fctzliche Schaltfl\u00e4che, mit der du schnell zwischen den verschiedenen Spielm\u00f6glichkeiten wechseln kannst. Es sind weniger Tischspiele als Spielautomaten verf\u00fcgbar. Die PariPesa-App bietet die beliebtesten Versionen von Poker, Blackjack, Roulette, Baccarat und Sic Bo.<\/p>\n<p>Im Gegensatz zu seinen Konkurrenten bietet diese Seite eine risikofreie Testphase an, in der du eine Reihe von Tischcasinospielen ausprobieren kannst. Auf diese Weise kannst du die Regeln und die Spielmechanik sehr effektiv meistern. Wenn du einen Live-Dealer engagierst, kannst du dein Spiel auf die n\u00e4chste Stufe heben.<\/p>\n<p>Es gibt noch mehr Spiele, die du spielen kannst. Hier kannst du an einer Vielzahl von Aktivit\u00e4ten teilnehmen, z. B. an eSports, Lotterien, schnellen Spielen, TV-Spielen und mehr.<\/p>\n<h2>DIES SIND DIE PariPesa APP VORTEILE<\/h2>\n<p>Die PariPesa App bietet eine Reihe von Vorteilen:<\/p>\n<p>\u2013 Mit der neuesten Version der PariPesa Mobile App, die sowohl auf Android als auch auf iOS verf\u00fcgbar ist und f\u00fcr die mobile Nutzung optimiert wurde, kannst du PariPesa Slots und andere Casino Spiele spielen, w\u00e4hrend du unterwegs bist<\/p>\n<p>\u2013 Au\u00dfergew\u00f6hnlicher Kundenservice, der 24 Stunden am Tag, 7 Tage die Woche erreichbar ist, wann immer du ihn brauchst<\/p>\n<p>\u2013 Ein Kauf auf dieser Website kann auf verschiedene Arten get\u00e4tigt werden<\/p>\n","protected":false},"excerpt":{"rendered":"<p>\u00dcBERPR\u00dcFUNG DER MOBILEN APP Eine Gl\u00fccksspiel Seite, die von einem mobilen Ger\u00e4t aus einfach zu besuchen ist, ist eine mobilfreundliche Website. Aus diesem Grund haben wir uns entschieden, unseren PariPesa App Bewertung der \u00d6ffentlichkeit zug\u00e4nglich zu machen. Es geht um PariPesa, einen bekannten Online Wettanbieter, und seine mobilen Wettoptionen. Eine der besten Alternativen f\u00fcr deutsche [&hellip;]<\/p>\n","protected":false},"author":1,"featured_media":0,"parent":0,"menu_order":0,"comment_status":"closed","ping_status":"closed","template":"","meta":{"footnotes":""},"class_list":["post-1345","page","type-page","status-publish","hentry"],"acf":[],"yoast_head":"<!-- This site is optimized with the Yoast SEO plugin v25.1 - https:\/\/yoast.com\/wordpress\/plugins\/seo\/ -->\n<title>PariPesa APP: OFFIZIELLE WETT-APP AUF GELD - PariPesa ONLINE: SICHERE WETTSEITE<\/title>\n<meta name=\"robots\" content=\"index, follow, max-snippet:-1, max-image-preview:large, max-video-preview:-1\" \/>\n<link rel=\"canonical\" href=\"https:\/\/paripesaonl.com\/de\/app\/\" \/>\n<meta property=\"og:locale\" content=\"de_DE\" \/>\n<meta property=\"og:type\" content=\"article\" \/>\n<meta property=\"og:title\" content=\"PariPesa APP: OFFIZIELLE WETT-APP AUF GELD - PariPesa ONLINE: SICHERE WETTSEITE\" \/>\n<meta property=\"og:description\" content=\"\u00dcBERPR\u00dcFUNG DER MOBILEN APP Eine Gl\u00fccksspiel Seite, die von einem mobilen Ger\u00e4t aus einfach zu besuchen ist, ist eine mobilfreundliche Website. Aus diesem Grund haben wir uns entschieden, unseren PariPesa App Bewertung der \u00d6ffentlichkeit zug\u00e4nglich zu machen. Es geht um PariPesa, einen bekannten Online Wettanbieter, und seine mobilen Wettoptionen. Eine der besten Alternativen f\u00fcr deutsche [&hellip;]\" \/>\n<meta property=\"og:url\" content=\"https:\/\/paripesaonl.com\/de\/app\/\" \/>\n<meta property=\"og:site_name\" content=\"PariPesa ONLINE: SICHERE WETTSEITE\" \/>\n<meta property=\"article:modified_time\" content=\"2025-05-23T08:32:05+00:00\" \/>\n<meta name=\"twitter:card\" content=\"summary_large_image\" \/>\n<meta name=\"twitter:label1\" content=\"Gesch\u00e4tzte Lesezeit\" \/>\n\t<meta name=\"twitter:data1\" content=\"5\u00a0Minuten\" \/>\n<!-- \/ Yoast SEO plugin. -->","yoast_head_json":{"title":"PariPesa APP: OFFIZIELLE WETT-APP AUF GELD - PariPesa ONLINE: SICHERE WETTSEITE","robots":{"index":"index","follow":"follow","max-snippet":"max-snippet:-1","max-image-preview":"max-image-preview:large","max-video-preview":"max-video-preview:-1"},"canonical":"https:\/\/paripesaonl.com\/de\/app\/","og_locale":"de_DE","og_type":"article","og_title":"PariPesa APP: OFFIZIELLE WETT-APP AUF GELD - PariPesa ONLINE: SICHERE WETTSEITE","og_description":"\u00dcBERPR\u00dcFUNG DER MOBILEN APP Eine Gl\u00fccksspiel Seite, die von einem mobilen Ger\u00e4t aus einfach zu besuchen ist, ist eine mobilfreundliche Website. Aus diesem Grund haben wir uns entschieden, unseren PariPesa App Bewertung der \u00d6ffentlichkeit zug\u00e4nglich zu machen. Es geht um PariPesa, einen bekannten Online Wettanbieter, und seine mobilen Wettoptionen. Eine der besten Alternativen f\u00fcr deutsche [&hellip;]","og_url":"https:\/\/paripesaonl.com\/de\/app\/","og_site_name":"PariPesa ONLINE: SICHERE WETTSEITE","article_modified_time":"2025-05-23T08:32:05+00:00","twitter_card":"summary_large_image","twitter_misc":{"Gesch\u00e4tzte Lesezeit":"5\u00a0Minuten"},"schema":{"@context":"https:\/\/schema.org","@graph":[{"@type":"WebPage","@id":"https:\/\/paripesaonl.com\/de\/app\/","url":"https:\/\/paripesaonl.com\/de\/app\/","name":"PariPesa APP: OFFIZIELLE WETT-APP AUF GELD - PariPesa ONLINE: SICHERE WETTSEITE","isPartOf":{"@id":"https:\/\/paripesaonl.com\/#website"},"datePublished":"2023-09-04T17:53:51+00:00","dateModified":"2025-05-23T08:32:05+00:00","breadcrumb":{"@id":"https:\/\/paripesaonl.com\/de\/app\/#breadcrumb"},"inLanguage":"de","potentialAction":[{"@type":"ReadAction","target":["https:\/\/paripesaonl.com\/de\/app\/"]}]},{"@type":"BreadcrumbList","@id":"https:\/\/paripesaonl.com\/de\/app\/#breadcrumb","itemListElement":[{"@type":"ListItem","position":1,"name":"Home","item":"https:\/\/paripesaonl.com\/de\/"},{"@type":"ListItem","position":2,"name":"PariPesa APP: OFFIZIELLE WETT-APP AUF GELD"}]},{"@type":"WebSite","@id":"https:\/\/paripesaonl.com\/#website","url":"https:\/\/paripesaonl.com\/","name":"PariPesa ONLINE: SICHERE WETTSEITE","description":"","potentialAction":[{"@type":"SearchAction","target":{"@type":"EntryPoint","urlTemplate":"https:\/\/paripesaonl.com\/?s={search_term_string}"},"query-input":{"@type":"PropertyValueSpecification","valueRequired":true,"valueName":"search_term_string"}}],"inLanguage":"de"}]}},"_links":{"self":[{"href":"https:\/\/paripesaonl.com\/de\/wp-json\/wp\/v2\/pages\/1345","targetHints":{"allow":["GET"]}}],"collection":[{"href":"https:\/\/paripesaonl.com\/de\/wp-json\/wp\/v2\/pages"}],"about":[{"href":"https:\/\/paripesaonl.com\/de\/wp-json\/wp\/v2\/types\/page"}],"author":[{"embeddable":true,"href":"https:\/\/paripesaonl.com\/de\/wp-json\/wp\/v2\/users\/1"}],"replies":[{"embeddable":true,"href":"https:\/\/paripesaonl.com\/de\/wp-json\/wp\/v2\/comments?post=1345"}],"version-history":[{"count":5,"href":"https:\/\/paripesaonl.com\/de\/wp-json\/wp\/v2\/pages\/1345\/revisions"}],"predecessor-version":[{"id":2187,"href":"https:\/\/paripesaonl.com\/de\/wp-json\/wp\/v2\/pages\/1345\/revisions\/2187"}],"wp:attachment":[{"href":"https:\/\/paripesaonl.com\/de\/wp-json\/wp\/v2\/media?parent=1345"}],"curies":[{"name":"wp","href":"https:\/\/api.w.org\/{rel}","templated":true}]}}