{"id":1350,"date":"2023-09-04T20:39:55","date_gmt":"2023-09-04T17:39:55","guid":{"rendered":"https:\/\/paripesaonl.com\/bonuses\/"},"modified":"2025-05-23T20:52:58","modified_gmt":"2025-05-23T17:52:58","slug":"bonuses","status":"publish","type":"page","link":"https:\/\/paripesaonl.com\/de\/bonuses\/","title":{"rendered":"PariPesa UND W\u00d6CHENTLICHE AKTIONEN"},"content":{"rendered":"<h2>PariPesa BONUS: DIESE SIND DIE CASINO- UND SPORT-AKTIONEN<\/h2>\n<p>Wir haben gute Nachrichten f\u00fcr alle, die sich schon immer gefragt haben, ob PariPesa einen Willkommensbonus anbietet.<\/p>\n<p>Um dir bei der Entscheidung zu helfen, ob du das Sportwetten- oder Casino-Willkommensangebot annehmen solltest, versuchen wir in diesen PariPesa Erfahrungen die Feinheiten in Deutschland aufzuschl\u00fcsseln.<\/p>\n<h2>SO SEHEN DIE PariPesa WILLKOMMENSBONI AUS<\/h2>\n<p>Die beste Wahl, wenn du dich bei einem zuverl\u00e4ssigen Wettanbieter anmelden willst, ist PariPesa. Es werden mehr als 30 verschiedene Sportarten abgedeckt, und neue Kunden k\u00f6nnen einen PariPesa Bonus von bis zu 100\u20ac erhalten.<\/p>\n<p>In den folgenden zwei Abschnitten gehen wir auf die einzelnen Willkommensboni ein, die PariPesa anbietet:<\/p>\n<h2>PariPesa SPORT WILLKOMMENSBONUS<\/h2>\n<p>Das Willkommensangebot des Sportwetten Anbieters f\u00fcr neue Kunden bei PariPesa beinhaltet einen 100% Einzahlungsbonus bis zu einem H\u00f6chstbetrag von 100\u20ac.<\/p>\n<p>Du verlierst den Sportwetten Bonus, wenn du ihn nicht innerhalb von 7 Tagen in Anspruch nimmst. Um diesen Neukundenbonus einzul\u00f6sen, sind keine PariPesa Bonus Code erforderlich.<\/p>\n<p>Du musst drei Wetten zu Quoten von mindestens 1,4 (2\/5) platzieren, um den Akkumulator-Bonus f\u00fcnfmal nutzen zu k\u00f6nnen. (mindestens 3 Optionen).<\/p>\n<p>Bevor du deinen PariPesa Willkommensbonus erhalten kannst, m\u00fcssen ein paar Bedingungen erf\u00fcllt werden:<\/p>\n<p>\u2013 Mit einem Klick auf eines der Symbole auf dieser Seite k\u00f6nnen sich neue Kunden f\u00fcr den Service anmelden<\/p>\n<p>\u2013 Nachdem du dich registriert und nur ein Pfund eingezahlt hast, kannst du mit dem Spielen beginnen. Einen Gutscheincode brauchst du nicht<\/p>\n<p>\u2013 Deine erste Einzahlung wird von PariPesa zu 100% verdoppelt (bis zu 100\u20ac)<\/p>\n<p>\u2013 Bevor der Bonus ausgezahlt werden kann, muss er innerhalb von sieben Tagen mit f\u00fcnf multipliziert werden<\/p>\n<p>\u2013 Um genehmigt zu werden, muss ein Kombi mindestens drei Beine haben. Dein Kombi braucht nur drei Wetten mit Quoten von 1,4 (2\/5) oder h\u00f6her, um als echt zu gelten<\/p>\n<p>\u2013 Wenn das Bonusgeld nach sieben Tagen nicht verwendet wird, geht es verloren<\/p>\n<h2>PariPesa CASINO WILLKOMMENSBONUS<\/h2>\n<p>Das PariPesa Online Casino bietet allen neuen Kunden einen beachtlichen Willkommensbonus von 300\u20ac. Du musst mindestens 1\u20ac auf dein Online Casino-Konto einzahlen, bevor du anfangen kannst. Innerhalb von sieben Tagen nach Erhalt des Gratisgeldes muss die 50-fache Umsatzanforderung des Casino Bonus erf\u00fcllt werden.<\/p>\n<p>F\u00fcr diesen Bonus ist auch kein PariPesa Promo Code erforderlich. Auf der Website der PariPesa-Promos werden alle Einschr\u00e4nkungen, die mit diesem Bonusangebot verbunden sind, ausf\u00fchrlich beschrieben.<\/p>\n<h2>REGELM\u00c4SSIGE AKTIONEN UND PROMOS VON PariPesa<\/h2>\n<p>Bei PariPesa werden treue Kunden mit exklusiven Boni belohnt. Sie wollen, dass sowohl neue Kunden als auch treue Anh\u00e4nger von ihrem Angebot profitieren. Egal, wie gut du spielst, du wirst trotzdem gewinnen.<\/p>\n<h2>W\u00d6CHENTLICHE BONI IM ONLINE CASINO<\/h2>\n<p>Jeden Freitag wird der Reload Einzahlungsbonus, der vom Sportwetten Anbieter angeboten wird, den Kundenkonten gutgeschrieben.<\/p>\n<p>Mit einem Reload Bonus kannst du bei einer Einzahlung zus\u00e4tzliche 100% bis zu 100\u20ac erhalten. Einzahlungen von mindestens einem Euro (1\u20ac) qualifizieren sich sofort f\u00fcr einen 100%igen Bonus bis zu einhundert Euro (100\u20ac).<\/p>\n<p>Nur Einzahlungen am Freitag sind f\u00fcr die Belohnung qualifiziert. Ein Kinderspiel, so viel ist sicher!<\/p>\n<h2>PariPesa SHOP<\/h2>\n<p>Seien wir ehrlich, Sportwetten k\u00f6nnen schwierig sein. Als Sportwettende haben wir alle schon mal eine Pechstr\u00e4hne gehabt, die unser Engagement auf die Probe gestellt hat, und manchmal sogar ganze Saisons.<\/p>\n<p>Da ist es immer gut, wenn man eine Aufmunterung bekommt, und das PariPesa Shop Angebot ist genau das, was der Arzt verschrieben hat. Egal wie oft, wie wenig oder wie viel du wettest, die PariPesa Shop Aktionen werden deine Treue belohnen.<\/p>\n<p>Ein etabliertes und angesehenes Treueprogramm ist The PariPesa Shop. Der einzige Ort in der Gegend, an dem du kostenlose, authentische Waren von bekannten Unternehmen erhalten kannst.<\/p>\n<p>So Sammelst du die PariPesa Punkte:<\/p>\n<p>Im PariPesa Shop kannst du deine Punkte gegen Gratiswetten und andere verlockende Pr\u00e4mien eintauschen, zum Beispiel gegen einen PariPesa Bonus ohne Einzahlung<br \/>\nDeine Freiwetten kannst du wie jede andere Wette f\u00fcr Straight Bets oder Parlays verwenden<br \/>\nUm eine Einzelwette zu platzieren, ist eine Quote von 1,80 oder h\u00f6her erforderlich<br \/>\nKombiwetten sind Wetten auf mehrere Ereignisse mit Quoten von 1,40 oder h\u00f6her<\/p>\n<h2>GEBURTSTAG BONUS BEI PariPesa<\/h2>\n<p>Sich etwas Sch\u00f6nes zu g\u00f6nnen, ist die beste Art, seinen Geburtstag zu feiern. Um sich daf\u00fcr zu bedanken, vergibt PariPesa an seinen Kunden immer an ihrem Geburtstag Bonuspunkte.<\/p>\n<p>Aktive Kunden in Deutschland erhalten an ihrem Geburtstag einen Bonus von 500 Punkten als Dankesch\u00f6n f\u00fcr ihre anhaltenden Gesch\u00e4fte.<\/p>\n<p>Die Kunden k\u00f6nnen w\u00e4hlen, ob sie Mitteilungen in ihrem Posteingang oder auf dem Kontobildschirm erhalten m\u00f6chten.<\/p>\n","protected":false},"excerpt":{"rendered":"<p>PariPesa BONUS: DIESE SIND DIE CASINO- UND SPORT-AKTIONEN Wir haben gute Nachrichten f\u00fcr alle, die sich schon immer gefragt haben, ob PariPesa einen Willkommensbonus anbietet. Um dir bei der Entscheidung zu helfen, ob du das Sportwetten- oder Casino-Willkommensangebot annehmen solltest, versuchen wir in diesen PariPesa Erfahrungen die Feinheiten in Deutschland aufzuschl\u00fcsseln. SO SEHEN DIE PariPesa [&hellip;]<\/p>\n","protected":false},"author":1,"featured_media":0,"parent":0,"menu_order":0,"comment_status":"closed","ping_status":"closed","template":"","meta":{"footnotes":""},"class_list":["post-1350","page","type-page","status-publish","hentry"],"acf":[],"yoast_head":"<!-- This site is optimized with the Yoast SEO plugin v25.1 - https:\/\/yoast.com\/wordpress\/plugins\/seo\/ -->\n<title>PariPesa UND W\u00d6CHENTLICHE AKTIONEN - PariPesa ONLINE: SICHERE WETTSEITE<\/title>\n<meta name=\"robots\" content=\"index, follow, max-snippet:-1, max-image-preview:large, max-video-preview:-1\" \/>\n<link rel=\"canonical\" href=\"https:\/\/paripesaonl.com\/de\/bonuses\/\" \/>\n<meta property=\"og:locale\" content=\"de_DE\" \/>\n<meta property=\"og:type\" content=\"article\" \/>\n<meta property=\"og:title\" content=\"PariPesa UND W\u00d6CHENTLICHE AKTIONEN - PariPesa ONLINE: SICHERE WETTSEITE\" \/>\n<meta property=\"og:description\" content=\"PariPesa BONUS: DIESE SIND DIE CASINO- UND SPORT-AKTIONEN Wir haben gute Nachrichten f\u00fcr alle, die sich schon immer gefragt haben, ob PariPesa einen Willkommensbonus anbietet. Um dir bei der Entscheidung zu helfen, ob du das Sportwetten- oder Casino-Willkommensangebot annehmen solltest, versuchen wir in diesen PariPesa Erfahrungen die Feinheiten in Deutschland aufzuschl\u00fcsseln. SO SEHEN DIE PariPesa [&hellip;]\" \/>\n<meta property=\"og:url\" content=\"https:\/\/paripesaonl.com\/de\/bonuses\/\" \/>\n<meta property=\"og:site_name\" content=\"PariPesa ONLINE: SICHERE WETTSEITE\" \/>\n<meta property=\"article:modified_time\" content=\"2025-05-23T17:52:58+00:00\" \/>\n<meta name=\"twitter:card\" content=\"summary_large_image\" \/>\n<meta name=\"twitter:label1\" content=\"Gesch\u00e4tzte Lesezeit\" \/>\n\t<meta name=\"twitter:data1\" content=\"4\u00a0Minuten\" \/>\n<!-- \/ Yoast SEO plugin. -->","yoast_head_json":{"title":"PariPesa UND W\u00d6CHENTLICHE AKTIONEN - PariPesa ONLINE: SICHERE WETTSEITE","robots":{"index":"index","follow":"follow","max-snippet":"max-snippet:-1","max-image-preview":"max-image-preview:large","max-video-preview":"max-video-preview:-1"},"canonical":"https:\/\/paripesaonl.com\/de\/bonuses\/","og_locale":"de_DE","og_type":"article","og_title":"PariPesa UND W\u00d6CHENTLICHE AKTIONEN - PariPesa ONLINE: SICHERE WETTSEITE","og_description":"PariPesa BONUS: DIESE SIND DIE CASINO- UND SPORT-AKTIONEN Wir haben gute Nachrichten f\u00fcr alle, die sich schon immer gefragt haben, ob PariPesa einen Willkommensbonus anbietet. Um dir bei der Entscheidung zu helfen, ob du das Sportwetten- oder Casino-Willkommensangebot annehmen solltest, versuchen wir in diesen PariPesa Erfahrungen die Feinheiten in Deutschland aufzuschl\u00fcsseln. SO SEHEN DIE PariPesa [&hellip;]","og_url":"https:\/\/paripesaonl.com\/de\/bonuses\/","og_site_name":"PariPesa ONLINE: SICHERE WETTSEITE","article_modified_time":"2025-05-23T17:52:58+00:00","twitter_card":"summary_large_image","twitter_misc":{"Gesch\u00e4tzte Lesezeit":"4\u00a0Minuten"},"schema":{"@context":"https:\/\/schema.org","@graph":[{"@type":"WebPage","@id":"https:\/\/paripesaonl.com\/de\/bonuses\/","url":"https:\/\/paripesaonl.com\/de\/bonuses\/","name":"PariPesa UND W\u00d6CHENTLICHE AKTIONEN - PariPesa ONLINE: SICHERE WETTSEITE","isPartOf":{"@id":"https:\/\/paripesaonl.com\/#website"},"datePublished":"2023-09-04T17:39:55+00:00","dateModified":"2025-05-23T17:52:58+00:00","breadcrumb":{"@id":"https:\/\/paripesaonl.com\/de\/bonuses\/#breadcrumb"},"inLanguage":"de","potentialAction":[{"@type":"ReadAction","target":["https:\/\/paripesaonl.com\/de\/bonuses\/"]}]},{"@type":"BreadcrumbList","@id":"https:\/\/paripesaonl.com\/de\/bonuses\/#breadcrumb","itemListElement":[{"@type":"ListItem","position":1,"name":"Home","item":"https:\/\/paripesaonl.com\/de\/"},{"@type":"ListItem","position":2,"name":"PariPesa UND W\u00d6CHENTLICHE AKTIONEN"}]},{"@type":"WebSite","@id":"https:\/\/paripesaonl.com\/#website","url":"https:\/\/paripesaonl.com\/","name":"PariPesa ONLINE: SICHERE WETTSEITE","description":"","potentialAction":[{"@type":"SearchAction","target":{"@type":"EntryPoint","urlTemplate":"https:\/\/paripesaonl.com\/?s={search_term_string}"},"query-input":{"@type":"PropertyValueSpecification","valueRequired":true,"valueName":"search_term_string"}}],"inLanguage":"de"}]}},"_links":{"self":[{"href":"https:\/\/paripesaonl.com\/de\/wp-json\/wp\/v2\/pages\/1350","targetHints":{"allow":["GET"]}}],"collection":[{"href":"https:\/\/paripesaonl.com\/de\/wp-json\/wp\/v2\/pages"}],"about":[{"href":"https:\/\/paripesaonl.com\/de\/wp-json\/wp\/v2\/types\/page"}],"author":[{"embeddable":true,"href":"https:\/\/paripesaonl.com\/de\/wp-json\/wp\/v2\/users\/1"}],"replies":[{"embeddable":true,"href":"https:\/\/paripesaonl.com\/de\/wp-json\/wp\/v2\/comments?post=1350"}],"version-history":[{"count":5,"href":"https:\/\/paripesaonl.com\/de\/wp-json\/wp\/v2\/pages\/1350\/revisions"}],"predecessor-version":[{"id":2195,"href":"https:\/\/paripesaonl.com\/de\/wp-json\/wp\/v2\/pages\/1350\/revisions\/2195"}],"wp:attachment":[{"href":"https:\/\/paripesaonl.com\/de\/wp-json\/wp\/v2\/media?parent=1350"}],"curies":[{"name":"wp","href":"https:\/\/api.w.org\/{rel}","templated":true}]}}