{"id":1348,"date":"2023-09-04T20:53:51","date_gmt":"2023-09-04T17:53:51","guid":{"rendered":"https:\/\/paripesaonl.com\/app\/"},"modified":"2025-05-22T23:18:59","modified_gmt":"2025-05-22T20:18:59","slug":"app","status":"publish","type":"page","link":"https:\/\/paripesaonl.com\/es\/app\/","title":{"rendered":"PariPesa APP: APLICACI\u00d3N OFICIAL DE APUESTAS"},"content":{"rendered":"<h2>REVISI\u00d3N DE LA APLICACI\u00d3N M\u00d3VIL<\/h2>\n<p>Si est\u00e1s al d\u00eda con las nuevas tendencias de juego en el mundo iGaming, sabes que el juego m\u00f3vil est\u00e1 en boca de todos. Tener la posibilidad de poder jugar a cualquier hora, sin importar el lugar en el que est\u00e9s, representa una ventaja \u00fanica y sin precedentes que beneficia sobre todo a los aficionados a los deportes.<\/p>\n<p>Al no tener que estar postrado frente a un ordenador para apostar, tienes la posibilidad de probar suerte en cualquier evento mientras ocurra.<br \/>\nGracias a esa y otras caracter\u00edsticas la app PariPesa se ha convertido en el compa\u00f1ero de aventuras ideal para cualquier espa\u00f1ol. Si quieres beneficiarte de su oferta, descubre a continuaci\u00f3n qu\u00e9 debes hacer para descargar, instalarla y usarla.<\/p>\n<h2>\u00bfEXISTE UNA APLICACI\u00d3N PariPesa PARA USUARIOS IOS?<\/h2>\n<p>Cuando el equipo de PariPesa.com not\u00f3 que los espa\u00f1oles prefer\u00edan jugar y apostar sobre la marcha, se pusieron manos a la obra de inmediato. El resultado fue una primera aplicaci\u00f3n nativa, solo compatible con dispositivos iOS, que buscaba beneficiar a la mayor\u00eda de apostadores en el pa\u00eds que eran usuarios Apple.<\/p>\n<p>Esta primera app sali\u00f3 poco despu\u00e9s de que estuviera disponible el sitio web por all\u00e1 en el 2021. Desde el comienzo su oferta fue superior a la de otras plataformas de juego m\u00f3vil en el pa\u00eds. Se inclu\u00edan los m\u00e1s de 40 mercados deportivos para apostar, y todas las funciones necesarias para hacer predicciones m\u00e1s acertadas: los diferentes tipos de apuestas, estad\u00edsticas de partidos, y los historiales con los resultados. Tambi\u00e9n se inclu\u00eda una respetable oferta de juegos de casino, que con el tiempo ha logrado igualar a la que est\u00e1 disponible en la versi\u00f3n de escritorio.<\/p>\n<p>Todo esto estaba dentro de un paquete de dise\u00f1o excelente y gran funcionalidad. Gracias a las cualidades propias del sistema operativo de los dispositivos Apple, puedes apostar c\u00f3modamente en esta PariPesa app sin tener problemas de r\u00e1pido consumo de bater\u00eda o de trabas en la navegaci\u00f3n.<\/p>\n<h2>\u00bfEXISTE UNA APP NATIVA O UN ARCHIVO PariPesa APK PARA USUARIOS ANDROID?<\/h2>\n<p>Luego de comprobar el \u00e9xito que tuvo la app nativa para iOS, el equipo de desarrolladores de PariPesa ES decidi\u00f3 lanzar su plataforma para Android. Esta versi\u00f3n viene comprimida en un archivo APK para poder cumplir con las normativas de Google Play Store en el pa\u00eds.<\/p>\n<p>A pesar de que este formato puede ser un poco m\u00e1s complejo de descargar e instalar, permite crear una app mucho m\u00e1s completa y funcional. Al no tener que limitarse a cumplir con los par\u00e1metros de una tienda de aplicaciones, el equipo de PariPesa se puede asegurar de trasladar toda la oferta del sitio web oficial a la aplicaci\u00f3n. Esto incluye el cat\u00e1logo de apuestas deportivas, el amplio abanico de opciones de juegos de casino, las diferentes promociones especiales y dem\u00e1s servicios.<\/p>\n<p>En esta PariPesa Espa\u00f1a App puedes apostar sin problemas en los m\u00e1s de 50 deportes virtuales disponibles, y tambi\u00e9n en todos los dem\u00e1s deportes tradicionales. No importa si quieres hacer predicciones previas al partido o mientras los encuentros est\u00e1n pasando. Tambi\u00e9n puedes jugar en vivo a la ruleta, el bacar\u00e1, p\u00f3ker o blackjack, y a miles de tragaperras online. Todo esto sin afectar tu seguridad, y siempre confiando en la transparencia de los resultados.<\/p>\n<h2>\u00bfC\u00d3MO ES EL PROCESO DE DESCARGA E INSTALACI\u00d3N DE LA PariPesa M\u00d3VIL APP?<\/h2>\n<p>Al ser PariPesa una plataforma con licencia internacional, sus aplicaciones nativas no est\u00e1n disponibles en las tiendas m\u00e1s populares. Sin embargo, encontrar las plataformas de juego m\u00f3vil oficial no es nada dif\u00edcil. En el sitio web hay un apartado exclusivo donde puedes encontrar los enlaces de descarga de ambas versiones del aplicativo.<\/p>\n<p>Solo debes clicar en el \u00edcono del sistema operativo que utilizas, y el proceso comenzar\u00e1 de inmediato. En el caso de que uses Android, aseg\u00farate de cambiar la configuraci\u00f3n de tu smartphone o tableta para que permita la descarga de archivos de fuentes desconocidas. De esta forma no tendr\u00e1s problemas para luego instalar el archivo APK.<\/p>\n<p>Una vez hayas bajado la app, solo debes abrir el archivo y este se instalar\u00e1 en unos cuantos segundos. Al terminar, podr\u00e1s encontrar el \u00edcono de la aplicaci\u00f3n en tu men\u00fa listo para ser abierto. Clica en \u00e9l y accede a tu cuenta con las mismas credenciales que usas en el sitio web. Si no tienes una cuenta, reg\u00edstrate sin problemas desde la misma app.<\/p>\n<h2>\u00bfPariPesa TAMBI\u00c9N FUNCIONA DESDE EL NAVEGADOR M\u00d3VIL?<\/h2>\n<p>En PariPesa ES quieren brindar una c\u00f3moda y accesible experiencia de apuesta a todos los espa\u00f1oles, incluso para aquellos con dispositivos que usan otros sistemas operativos. Si tienes una tableta, smartphone, o cualquier otro dispositivo que te permita navegar por internet y que no use iOS o Android, hay una soluci\u00f3n para ti.<\/p>\n<p>Puedes acceder a toda la oferta del sitio desde tu navegador m\u00f3vil, sin importar cu\u00e1l sea. El equipo detr\u00e1s de esta casa de apuestas se ha esmerado en adaptar el sitio web oficial para que sea compatible con cualquier pantalla. El resultado es un sitio web m\u00f3vil que no sacrifica la funcionalidad y la calidad visual. En \u00e9l puedes encontrar cada peque\u00f1o detalle que aprecias de la web de escritorio.<\/p>\n<h2>\u00bfLA APP O EL SITIO WEB M\u00d3VIL SON COMPATIBLES CON CUALQUIER APARATO?<\/h2>\n<p>Mientras tengas una buena conexi\u00f3n a Internet, puedes disfrutar de la oferta de PariPesa en cualquier dispositivo desde la versi\u00f3n m\u00f3vil de la p\u00e1gina. Sin embargo, si buscas optar por las app nativas, s\u00ed deber\u00e1s contar con un dispositivo que cumpla ciertos requisitos:<\/p>\n<p>\u2013 La RAM debe ser superior a 8 GB si quieres disfrutar de una jugabilidad y navegaci\u00f3n fluida<\/p>\n<p>\u2013 El aparato que elijas debe tener al menos 100 MB de espacio libre de almacenamiento para alojar la aplicaci\u00f3n sin poner m\u00e1s lento tu dispositivo<\/p>\n<p>\u2013 Es necesario contar con un buen plan de navegaci\u00f3n o una conexi\u00f3n estable a WiFi para disfrutar de todas las funciones del sitio<\/p>\n<p>\u2013 Los sistemas operativos deben estar actualizados. No es necesario tener la versi\u00f3n m\u00e1s reciente de cada uno, pero s\u00ed al menos la 9.0 para iOS y la 7.0 para Android, o en posteriores en ambos casos<\/p>\n<p>\u2013 Si buscas jugar desde el navegador, aseg\u00farate de tener actualizada la aplicaci\u00f3n que usas<\/p>\n<h2>\u00bfVALE LA PENA DESCARGAR ESTA APP?<\/h2>\n<p>La PariPesa aplicaci\u00f3n es la mejor plataforma de juego y apuestas m\u00f3vil que hay en el mercado espa\u00f1ol actualmente. El simple hecho de que te permita disfrutar de m\u00e1s de 3.000 juegos de casino al instante, incluidas las mesas con crupieres en vivo, dice mucho de la gran calidad de su servicio. Aparte de poder jugar en el casino, y apostar en t\u00edtulos con botes progresivos, la aplicaci\u00f3n nativa te ofrece otras ventajas:<\/p>\n<p>Es completamente segura y legal, por lo que no tendr\u00e1s que preocuparte por la protecci\u00f3n de tus datos o la transparencia de los resultados<br \/>\nEs f\u00e1cil de descargar y muy ligera para que tu experiencia de juego no se vea afectada por procesos lentos<br \/>\nTe da acceso directo al cat\u00e1logo de m\u00e1s de 10 bonificaciones en cualquier momento que lo desees<br \/>\nPuedes completar transacciones bancarias sin problemas<br \/>\nTienes acceso directo al servicio de soporte a cualquier hora para disfrutar de su atenci\u00f3n personalizada<\/p>\n","protected":false},"excerpt":{"rendered":"<p>REVISI\u00d3N DE LA APLICACI\u00d3N M\u00d3VIL Si est\u00e1s al d\u00eda con las nuevas tendencias de juego en el mundo iGaming, sabes que el juego m\u00f3vil est\u00e1 en boca de todos. Tener la posibilidad de poder jugar a cualquier hora, sin importar el lugar en el que est\u00e9s, representa una ventaja \u00fanica y sin precedentes que beneficia [&hellip;]<\/p>\n","protected":false},"author":1,"featured_media":0,"parent":0,"menu_order":0,"comment_status":"closed","ping_status":"closed","template":"","meta":{"footnotes":""},"class_list":["post-1348","page","type-page","status-publish","hentry"],"acf":[],"yoast_head":"<!-- This site is optimized with the Yoast SEO plugin v25.1 - https:\/\/yoast.com\/wordpress\/plugins\/seo\/ -->\n<title>PariPesa APP: APLICACI\u00d3N OFICIAL DE APUESTAS - PariPesa ESPA\u00d1A: SITIO SEGURO DE APUESTAS ONLINE<\/title>\n<meta name=\"robots\" content=\"index, follow, max-snippet:-1, max-image-preview:large, max-video-preview:-1\" \/>\n<link rel=\"canonical\" href=\"https:\/\/paripesaonl.com\/es\/app\/\" \/>\n<meta property=\"og:locale\" content=\"es_ES\" \/>\n<meta property=\"og:type\" content=\"article\" \/>\n<meta property=\"og:title\" content=\"PariPesa APP: APLICACI\u00d3N OFICIAL DE APUESTAS - PariPesa ESPA\u00d1A: SITIO SEGURO DE APUESTAS ONLINE\" \/>\n<meta property=\"og:description\" content=\"REVISI\u00d3N DE LA APLICACI\u00d3N M\u00d3VIL Si est\u00e1s al d\u00eda con las nuevas tendencias de juego en el mundo iGaming, sabes que el juego m\u00f3vil est\u00e1 en boca de todos. Tener la posibilidad de poder jugar a cualquier hora, sin importar el lugar en el que est\u00e9s, representa una ventaja \u00fanica y sin precedentes que beneficia [&hellip;]\" \/>\n<meta property=\"og:url\" content=\"https:\/\/paripesaonl.com\/es\/app\/\" \/>\n<meta property=\"og:site_name\" content=\"PariPesa ESPA\u00d1A: SITIO SEGURO DE APUESTAS ONLINE\" \/>\n<meta property=\"article:modified_time\" content=\"2025-05-22T20:18:59+00:00\" \/>\n<meta name=\"twitter:card\" content=\"summary_large_image\" \/>\n<meta name=\"twitter:label1\" content=\"Tiempo de lectura\" \/>\n\t<meta name=\"twitter:data1\" content=\"6 minutos\" \/>\n<!-- \/ Yoast SEO plugin. -->","yoast_head_json":{"title":"PariPesa APP: APLICACI\u00d3N OFICIAL DE APUESTAS - PariPesa ESPA\u00d1A: SITIO SEGURO DE APUESTAS ONLINE","robots":{"index":"index","follow":"follow","max-snippet":"max-snippet:-1","max-image-preview":"max-image-preview:large","max-video-preview":"max-video-preview:-1"},"canonical":"https:\/\/paripesaonl.com\/es\/app\/","og_locale":"es_ES","og_type":"article","og_title":"PariPesa APP: APLICACI\u00d3N OFICIAL DE APUESTAS - PariPesa ESPA\u00d1A: SITIO SEGURO DE APUESTAS ONLINE","og_description":"REVISI\u00d3N DE LA APLICACI\u00d3N M\u00d3VIL Si est\u00e1s al d\u00eda con las nuevas tendencias de juego en el mundo iGaming, sabes que el juego m\u00f3vil est\u00e1 en boca de todos. Tener la posibilidad de poder jugar a cualquier hora, sin importar el lugar en el que est\u00e9s, representa una ventaja \u00fanica y sin precedentes que beneficia [&hellip;]","og_url":"https:\/\/paripesaonl.com\/es\/app\/","og_site_name":"PariPesa ESPA\u00d1A: SITIO SEGURO DE APUESTAS ONLINE","article_modified_time":"2025-05-22T20:18:59+00:00","twitter_card":"summary_large_image","twitter_misc":{"Tiempo de lectura":"6 minutos"},"schema":{"@context":"https:\/\/schema.org","@graph":[{"@type":"WebPage","@id":"https:\/\/paripesaonl.com\/es\/app\/","url":"https:\/\/paripesaonl.com\/es\/app\/","name":"PariPesa APP: APLICACI\u00d3N OFICIAL DE APUESTAS - PariPesa ESPA\u00d1A: SITIO SEGURO DE APUESTAS ONLINE","isPartOf":{"@id":"https:\/\/paripesaonl.com\/#website"},"datePublished":"2023-09-04T17:53:51+00:00","dateModified":"2025-05-22T20:18:59+00:00","breadcrumb":{"@id":"https:\/\/paripesaonl.com\/es\/app\/#breadcrumb"},"inLanguage":"es","potentialAction":[{"@type":"ReadAction","target":["https:\/\/paripesaonl.com\/es\/app\/"]}]},{"@type":"BreadcrumbList","@id":"https:\/\/paripesaonl.com\/es\/app\/#breadcrumb","itemListElement":[{"@type":"ListItem","position":1,"name":"Home","item":"https:\/\/paripesaonl.com\/es\/"},{"@type":"ListItem","position":2,"name":"PariPesa APP: APLICACI\u00d3N OFICIAL DE APUESTAS"}]},{"@type":"WebSite","@id":"https:\/\/paripesaonl.com\/#website","url":"https:\/\/paripesaonl.com\/","name":"PariPesa ESPA\u00d1A: SITIO SEGURO DE APUESTAS ONLINE","description":"","potentialAction":[{"@type":"SearchAction","target":{"@type":"EntryPoint","urlTemplate":"https:\/\/paripesaonl.com\/?s={search_term_string}"},"query-input":{"@type":"PropertyValueSpecification","valueRequired":true,"valueName":"search_term_string"}}],"inLanguage":"es"}]}},"_links":{"self":[{"href":"https:\/\/paripesaonl.com\/es\/wp-json\/wp\/v2\/pages\/1348","targetHints":{"allow":["GET"]}}],"collection":[{"href":"https:\/\/paripesaonl.com\/es\/wp-json\/wp\/v2\/pages"}],"about":[{"href":"https:\/\/paripesaonl.com\/es\/wp-json\/wp\/v2\/types\/page"}],"author":[{"embeddable":true,"href":"https:\/\/paripesaonl.com\/es\/wp-json\/wp\/v2\/users\/1"}],"replies":[{"embeddable":true,"href":"https:\/\/paripesaonl.com\/es\/wp-json\/wp\/v2\/comments?post=1348"}],"version-history":[{"count":8,"href":"https:\/\/paripesaonl.com\/es\/wp-json\/wp\/v2\/pages\/1348\/revisions"}],"predecessor-version":[{"id":2185,"href":"https:\/\/paripesaonl.com\/es\/wp-json\/wp\/v2\/pages\/1348\/revisions\/2185"}],"wp:attachment":[{"href":"https:\/\/paripesaonl.com\/es\/wp-json\/wp\/v2\/media?parent=1348"}],"curies":[{"name":"wp","href":"https:\/\/api.w.org\/{rel}","templated":true}]}}