{"id":1312,"date":"2023-08-30T09:17:46","date_gmt":"2023-08-30T06:17:46","guid":{"rendered":"https:\/\/paripesaonl.com\/home\/"},"modified":"2025-05-22T22:57:19","modified_gmt":"2025-05-22T19:57:19","slug":"home","status":"publish","type":"page","link":"https:\/\/paripesaonl.com\/it\/","title":{"rendered":"Home"},"content":{"rendered":"<h2 class=\"w-text us_custom_e5367e89 has_text_color\"><span class=\"w-text-h\"><span class=\"w-text-value\">PariPesa RECENSIONE<\/span><\/span><\/h2>\n<div class=\"wpb_text_column us_custom_4076faf9 has_text_color\">\n<div class=\"wpb_wrapper\">\n<p>Con l\u2019avvento della tecnologia, sempre pi\u00f9 persone scelgono di servirsi di bookmaker e servizi di sport betting e online casino, risparmiandosi lunghe file nei centri di scommesse e nei bar dotati di slot machine. I servizi online consentono di godere sempre delle migliori quote del momento e di effettuare le scommesse istantaneamente, sempre perdere alcun attimo prezioso. In questo, PariPesa \u00e8 una delle migliori piattaforme sulla piazza, che offre ai suoi utenti bonus appetitosi e la possibilit\u00e0 di effettuare giocate in diretta grazie alla sua innovativa funzione di Live betting. Vediamo ora nel dettaglio come effettuare scommesse su PariPesa Italia.<\/p>\n<h2 class=\"w-text us_custom_e5367e89 has_text_color\"><span class=\"w-text-h\"><span class=\"w-text-value\">OTTIENI IL MASSIMO DALLE TUE PASSIONI<\/span><\/span><\/h2>\n<div class=\"w-separator size_custom\">Noi tutti amiamo l\u2019eccitazione che si prova quando guardiamo i nostri sport preferiti alla TV, ma per alcuni questo non basta e bens\u00ec desiderano alzare la posta in paio. PariPesa Italia consente a tutti gli scommettitori di effettuare scommesse rapidamente e senza alcuna difficolt\u00e0, sia che ci si trovi davanti al PC o sul divano utilizzando lo smartphone. L\u2019interfaccia del sito \u00e8 pulita, facile da navigare, e presenta un servizio di live chat disponibile ad assistervi qualora ne abbiate bisogno.<\/div>\n<h2 class=\"w-text us_custom_e5367e89 has_text_color\"><span class=\"w-text-h\"><span class=\"w-text-value\">PROCESSO DI REGISTRAZIONE E LOGIN<\/span><\/span><\/h2>\n<div class=\"wpb_text_column us_custom_4076faf9 has_text_color\">\n<div class=\"wpb_wrapper\">\n<p>Per poter accedere ai servizi di PariPesa online, bisogna prima creare un account personale. Per farlo basta seguire questi semplici passaggi:<\/p>\n<p>\u2013 Sul sito, in alto a destra, cliccare sul tasto verde \u201ciscriviti\u201d e compilare i campi richiesti inserendo le proprie informazioni personali, insieme agli estremi di pagamento preferiti. I dati saranno al sicuro nei server di PariPesa, protetti da crittografia SSL.<\/p>\n<p>\u2013 Una volta compilati tutti i moduli, verr\u00e0 inviata una e-mail di conferma all\u2019indirizzo di posta elettronica comunicato in fase di iscrizione.<\/p>\n<p>\u2013 Per ultimo, basta confermare il proprio account cliccando sul link di verifica ricevuto via e-mail per accedere a tutti i contenuti offerti dal sito, come ad esempio i PariPesa Bonus.<\/p>\n<\/div>\n<\/div>\n<h2 class=\"w-text us_custom_e5367e89 has_text_color\"><span class=\"w-text-h\"><span class=\"w-text-value\">FUNZIONALIT\u00c0 E VANTAGGI PRINCIPALI DI PariPesa ITALIA<\/span><\/span><\/h2>\n<div class=\"wpb_text_column us_custom_4076faf9 has_text_color\">\n<div class=\"wpb_wrapper\">\n<p>PariPesa Italia offre una vasta gamma di competizioni di squadra e tornei individuali tra cui scegliere per effettuare le proprie scommesse. Dalle leghe di calcio, al basket, passando all\u2019hockey sul ghiaccio, il football americano, gli eventi di boxing e le competizioni di arti marziali miste MMA.<\/p>\n<p>PariPesa assicura ai giocatori quote accattivanti e sempre aggiornate, senza applicare alcuna ritenuta sulle giocate, come avviene per molti altri competitors. In aggiunta, il bookmaker spicca anche dal punto di vista dei pagamenti, consentendo agli utenti di eseguire depositi e prelievi rapidi, sia attraverso i circuiti bancari tradizionali che tramite criptovalute come Bitcoin e Ethereum.<\/p>\n<p>Tutte giocate effettuate su PariPesa Scommesse che su PariPesa Casino sono protette e regolamentate sotta la giurisdizione della Cura\u00e7ao Gaming Authority, che ne garantisce la licenza e l\u2019autorizzazione ad operare nel territorio italiano.<\/p>\n<\/div>\n<\/div>\n<h2 class=\"w-text us_custom_e5367e89 has_text_color\"><span class=\"w-text-h\"><span class=\"w-text-value\">CARATTERISTICHE DELLE SCOMMESSE SPORTIVE DI PariPesa ITALIA<\/span><\/span><\/h2>\n<div class=\"wpb_text_column us_custom_4076faf9 has_text_color\">\n<div class=\"wpb_wrapper\">\n<p>Tutti gli utenti verificati ed inscritti sul sito di PariPesa Italia possono effettuare scommesse sugli eventi sportivi di proprio interesse a partire da un minimo di 0,20\u20ac. Le scommesse posso essere singole o multiple, ed \u00e8 inoltre possibile piazzare pi\u00f9 scommesse sullo stesso risultato. Le quote delle varie puntate vengono aggiornate di continuo per riflettere al meglio la probabilit\u00e0 percepita di ogni risultato, secondo un criterio interno del bookmaker.<\/p>\n<p>Una volta piazzate, le puntate non possono essere pi\u00f9 annullate, salvo rare eccezioni, con il corrispettivo che viene addebitato sul conto del cliente non appena quest\u2019ultima viene registrata e confermata online. D\u2019altro canto, le vincite di gioco vengono accreditate dopo la definizione delle scommesse, che di solito avviene al termine delle competizioni.<\/p>\n<\/div>\n<\/div>\n<h2 class=\"w-text us_custom_e5367e89 has_text_color\"><span class=\"w-text-h\"><span class=\"w-text-value\">MERCATI DISPONIBILI E TIPOLOGIE DI SCOMMESSE<\/span><\/span><\/h2>\n<div class=\"wpb_text_column us_custom_4076faf9 has_text_color\">\n<div class=\"wpb_wrapper\">\n<p>La sezione dedicata alle competizioni sportive e live betting di PariPesa Italia permette di effettuare puntate su tutte le principali leghe sportive di calcio come Serie A, Premier Ligue, LaLiga, Bundesliga, Ligue 1, ma anche sui principali tornei di tennis e golf, la Box e gli incontri di MMA. Ma non solo, perch\u00e9 PariPesa consente anche di scommettere sugli sport meno popolari all\u2019interno dei confini nazionali ma diffusi all\u2019estero, come il cricket, l\u2019hockey sul ghiaccio, le freccette, il Badminton, le corse ippiche e molto altro ancora. Il bookmaker offre diversi tipi di scommesse, ognuna con i propri pro e contro, ma oggi ci concentreremo sui quattro principali, ovvero le scommesse singole, le scommesse multiple, le scommesse Multibet, ed infine le scommesse sul TOTOcalcio.<\/p>\n<p>Le scommesse singole sono le pi\u00f9 semplice ed economiche e sono l\u2019ideale per i giocatori pi\u00f9 novizi che scommettono online per la prima volta. Queste schedine si riferiscono ad un solo evento o risultato e le loro vincite vengono calcolate moltiplicando la puntata per la quota indicata.<\/p>\n<p>Le scommesse multiple sono anch\u2019esse abbastanza intuitive e sono definite come schedine con diverse selezioni che comprendono eventi non correlati tra di loro. La vincita di una schedina multipla viene calcolata moltiplicando le quote corrispondenti di tutte le selezioni inserite. In questo caso, se anche un solo evento della multipla non venisse pronosticato correttamente, l\u2019intera scommessa sar\u00e0 perdente.<\/p>\n<p>Le scommesse Multibet sono un po\u2019 pi\u00f9 complesse rispetto alle due precedenti e sono particolarmente apprezzate dai giocatori con maggiore esperienza. Una schedina Multibet \u00e8 un insieme di scommesse multiple e\/o singole che pu\u00f2 contenere o meno una variabile fissa.<\/p>\n<p>Perch\u00e9 possa definirsi tale, una scommessa Multibet deve presentare almeno tre sezioni, non includendo la parte fissa, e la sua vincita dipende dall\u2019esito della scommessa fissa (Se la fissa fosse perdente, anche il resto della schedina lo sarebbe). Ogni sezione presenta una quota differente e le vincite vengono calcolate moltiplicando la quota fissa per la quota del sistema a seconda di quanti eventi di quest\u2019ultima risultino vincenti.<\/p>\n<p>Le scommesse TOTOcalcio possono essere piazziate solamente dai giocatori di maggiore et\u00e0 (18) e le schedine devono contenere almeno 14 eventi tra quelli inseriti nella lista delle partite disponibili al momento del piazzamento della giocata. Ogni giocatore pu\u00f2 scegliere tre risultati per ciascuna partita (1, \u201csquadra di casa vince \u201c; X, \u201cparit\u00e0\u201d; 2, \u201csquadra in trasferta vince\u201d), oltre che le puntate su queste combinazioni di eventi. La puntata minima per le scommesse TOTOcalcio \u00e8 di 0,70\u20ac e l\u2019importo scommesso viene calcolato dividendo l\u2019importo totale per il numero di varianti selezionate. La schedina \u00e8 vincente quanto vengono correttamente pronosticati i risultati di tutte le partite su cui si \u00e8 scommesso.<\/p>\n<\/div>\n<\/div>\n<h2 class=\"w-text us_custom_e5367e89 has_text_color\"><span class=\"w-text-h\"><span class=\"w-text-value\">IL VANTAGGIO DELLE SCOMMESSE LIVE<\/span><\/span><\/h2>\n<div class=\"wpb_text_column us_custom_4076faf9 has_text_color\">\n<div class=\"wpb_wrapper\">\n<p>La funzione Live Betting del servizio di PariPesa online, consente ai giocatori di effettuare scommesse su eventi in corso. A differenza delle schedine tradizionali, che si limitano a prendere le giocate su eventi che devono ancora verificarsi, scommettere in tempo reale permette di effettuare la puntata solo dopo aver valutato di persona l\u2019andamento dell\u2019evento, in modo da massimizzare le proprie chance di vincita. Queste scommesse possono essere effettuate direttamente dal proprio smartphone e spesso sono accompagnate da bonus speciali per arricchire ulteriormente l\u2019esperienza dal vivo degli utenti.<\/p>\n<\/div>\n<\/div>\n<h2 class=\"w-text us_custom_e5367e89 has_text_color\"><span class=\"w-text-h\"><span class=\"w-text-value\">SCOMMESSE PER LE COMPETIZIONI ESPORT<\/span><\/span><\/h2>\n<div class=\"wpb_text_column us_custom_4076faf9 has_text_color\">\n<div class=\"wpb_wrapper\">\n<p>Di recente, sempre pi\u00f9 persone stanno appassionando al mondo dei videogiochi e delle competizioni eSport. PariPesa ha pensato anche ai suoi clienti gamers e per questo motivo consente loro di effettuare scommesse su giochi popolari come FIFA, League of Legends, Dota 2, Mortal Kombat e tanti altri ancora. Le modalit\u00e0 per effettuare le puntate sono le stesse delle scommesse sportive ed anche in questo caso le quote vengono fissate in modo da riflettere la tendenza dei giocatori.<\/p>\n<\/div>\n<\/div>\n<h2 class=\"w-text us_custom_e5367e89 has_text_color\"><span class=\"w-text-h\"><span class=\"w-text-value\">COME VENGONO DEFINITE LE QUOTE<\/span><\/span><\/h2>\n<div class=\"wpb_text_column us_custom_4076faf9 has_text_color\">\n<div class=\"wpb_wrapper\">\n<p>La soddisfazione dei propri utenti \u00e8 una delle priorit\u00e0 di PariPesa e per questo motivo il bookmaker dedica particolare attenzione alle quote che propone. Utilizzando particolari parametri interni, queste sono sempre eque e pensate in modo tale che gli scommettitori possano trarre un miglior profitto dalle proprie vincite. Le quote sono garantite al 100% e spesso includono bonus ed offerte speciali per rendere l\u2019esperienza degli utenti ancora pi\u00f9 gratificante.<\/p>\n<\/div>\n<\/div>\n<h2 class=\"w-text us_custom_e5367e89 has_text_color\"><span class=\"w-text-h\"><span class=\"w-text-value\">PariPesa CASINO: RECENSIONE DELLA SEZIONE DEDICATA AI GIOCHI DA CASIN\u00d2<\/span><\/span><\/h2>\n<div class=\"wpb_text_column us_custom_4076faf9 has_text_color\">\n<div class=\"wpb_wrapper\">\n<p>Oltre alle scommesse sportive, i giocatori possono anche divertirsi cimentandosi con i pi\u00f9 tradizionali giochi da bar nella sezione casin\u00f2 online PariPesa. Qui sar\u00e0 possibile giocare alle slot machine, roulette, blackjack e poker. Il menu comprende tantissimi software diversi, tra cui alcuni dei pi\u00f9 amati come BGaming, Betsoft, Age of Asgard, Yggdrasil e tanti altri ancora.<\/p>\n<\/div>\n<\/div>\n<h2 class=\"w-text us_custom_e5367e89 has_text_color\"><span class=\"w-text-h\"><span class=\"w-text-value\">TIPOLOGIE DI SLOT MACHINE OFFERTE<\/span><\/span><\/h2>\n<div class=\"wpb_text_column us_custom_4076faf9 has_text_color\">\n<div class=\"wpb_wrapper\">\n<p>La pagina dedicata alle slot machine di PariPesa Italia \u00e8 ricca di tantissimi giochi divertenti, provenienti da partner accuratamente selezionati. Ce ne sono per tutti i gusti e non ci sar\u00e0 bisogno di scaricare alcun software sui propri dispositivi per accedervi. In aggiunta, qualora non desiderassi scommettere con somme reali da subito e preferissi fare un po\u2019 di pratica, tutte le slot machine possono essere testate nella loro versione gratuita in modo da prendere confidenza prima di effettuare le puntate vere.<\/p>\n<\/div>\n<\/div>\n<h2 class=\"w-text us_custom_e5367e89 has_text_color\"><span class=\"w-text-h\"><span class=\"w-text-value\">CARATTERISTICHE DEI GIOCHI DEL CASIN\u00d2 LIVE<\/span><\/span><\/h2>\n<div class=\"wpb_text_column us_custom_4076faf9 has_text_color\">\n<div class=\"wpb_wrapper\">\n<p>Gli amanti dei giochi d\u2019azzardo pi\u00f9 classici come il blackjack, le roulette, e le partite di pocket, troveranno un\u2019incredibile variet\u00e0 di opzioni tra cui scegliere nella sezione live online casino. Qui gli scommettitori potranno accedere a diverse stanze, ciascuna con all\u2019interno un croupier in carne ed ossa ad aspettarli e pronto a soddisfare qualunque loro richiesta. Sar\u00e0 anche possibile interagire con gli altri giocatori e dialogare con loro come se si trovassero nella stessa stanza dell\u2019utente.<\/p>\n<\/div>\n<\/div>\n<h2 class=\"w-text us_custom_e5367e89 has_text_color\"><span class=\"w-text-h\"><span class=\"w-text-value\">SELEZIONE GIOCHI DI BINGO<\/span><\/span><\/h2>\n<div class=\"w-separator size_custom\">Per i giocatori che preferiscono qualcosa di pi\u00f9 semplice, \u00e8 possibile effettuare scommesse su partite di bingo, sia in solitaria che insieme ad altri utenti. Le regole da seguire sono quelle di sempre e le vincite possono essere considerevoli, grazie anche alla possibilit\u00e0 di ricevere delle offerte ad hoc quando si inizia una nuova partita.<\/div>\n<h2 class=\"w-text us_custom_e5367e89 has_text_color\"><span class=\"w-text-h\"><span class=\"w-text-value\">METODI DI PAGAMENTO SUPPORTATI<\/span><\/span><\/h2>\n<div class=\"w-separator size_custom\">PariPesa collabora con tutti i principali fornitori di servizi bancari in modo da fornire ai suoi utenti un rapido accesso ai loro fondi. Una volta effettuato il login al proprio conto personale, sar\u00e0 possibile collegare il metodo di pagamento che si preferisce per elaborare i depositi e gli accrediti. Tra i metodi supportati vi sono le carte di credito appartenenti ai circuiti come MasterCard, Visa, Diners e Discovery, bonifici bancari, e gli e-wallet.<\/div>\n<div class=\"wpb_text_column us_custom_4076faf9 has_text_color\">\n<div class=\"wpb_wrapper\">\n<p>In aggiunta a tutto ci\u00f2, grazie al sodalizio con un partner esterno, PariPesa adesso supporta anche pagamenti da oltre 30 tipi di criptovalute differenti, inclusi Bitcoin ed Ethereum. Il vantaggio di questo di transazioni risiede nei tempi estremamente ridotti richiesti per elaborare i pagamenti. Sia i depositi che i prelievi in criptovalute avvengono istantaneamente e senza alcuna difficolt\u00e0.<\/p>\n<\/div>\n<\/div>\n<h2 class=\"w-text us_custom_e5367e89 has_text_color\"><span class=\"w-text-h\"><span class=\"w-text-value\">COME DEPOSITARE SU PariPesa ITALIA<\/span><\/span><\/h2>\n<div class=\"w-separator size_custom\">PariPesa mette a disposizione dei propri utenti numerosi modi per depositare i propri fondi. Una volta effettuato l\u2019accesso infatti i giocatori potranno scegliere se collegare al proprio account una carta di credito o un conto bancario, oppure affidarsi a sistemi come Skrill\/NETELLER e servizi di portafoglio digitale. I depositi possono essere effettuati a partire da 1\u20ac e non sono soggetti ad alcuna ritenuta.<\/div>\n<h2 class=\"w-text us_custom_e5367e89 has_text_color\"><span class=\"w-text-h\"><span class=\"w-text-value\">COME PRELEVARE I FONDI<\/span><\/span><\/h2>\n<div class=\"wpb_text_column us_custom_4076faf9 has_text_color\">\n<div class=\"wpb_wrapper\">\n<p>Anche i prelievi delle vincite possono essere effettuati in modo agevole su PariPesa Italia. \u00c8 possibile utilizzare per i prelievi gli stessi estremi condivisi per i depositi e tutte le transazioni vengono elaborate entro 24 ore dalla presentazione della richiesta.<\/p>\n<h2 class=\"w-text us_custom_e5367e89 has_text_color\"><span class=\"w-text-h\"><span class=\"w-text-value\">SICUREZZA E LICENZA DEL BOOKMAKER<\/span><\/span><\/h2>\n<div class=\"wpb_text_column\">\n<div class=\"wpb_wrapper\">\n<p>PariPesa app fa della sicurezza dei dati dei propri giocatori una priorit\u00e0 e per questo motivo si impegna ad adottare tutte le misure in suo possesso per riuscire in questo intento. Tutte le informazioni degli utenti sono conservate all\u2019interno di un database privato, protetto da un firewall di ultima generazione ed un sistema crittografico SSL a 128 bit. Questa sua attenzione nei confronti della sicurezza dei dati dei propri utenti viene estesa anche ai partner con cui collabora. Tutti gli affiliati, sussidiari e agenti fornitori presenti sui canali di PariPesa sono infatti tenuti a garantire la riservatezza dei dati di accesso dei giocatori.<\/p>\n<p>PariPesa gode di una licenza rilasciata dalla Cura\u00e7ao Gaming Authority ed opera sul territorio italiano in totale legalit\u00e0 ed in conformit\u00e0 con le attuali leggi vigenti.<\/p>\n<\/div>\n<\/div>\n<div class=\"w-separator size_custom\"><\/div>\n<div class=\"w-text us_custom_d6a7f224 has_text_color\"><span class=\"w-text-h\"><span class=\"w-text-value\">PROPRIETARIO DELLA COMPAGNIA<\/span><\/span><\/div>\n<div class=\"w-separator size_custom\"><\/div>\n<div class=\"w-text us_custom_d6a7f224 has_text_color\"><span class=\"w-text-h\"><span class=\"w-text-value\">DIGIMEDIA LIMITED CASINOS<\/span><\/span><\/div>\n<div class=\"w-separator size_custom\"><\/div>\n<div class=\"w-text us_custom_d6a7f224 has_text_color\"><span class=\"w-text-h\"><span class=\"w-text-value\">LICENZA UFFICIALE<\/span><\/span><\/div>\n<div class=\"w-separator size_custom\"><\/div>\n<div class=\"w-text us_custom_d6a7f224 has_text_color\"><span class=\"w-text-h\"><span class=\"w-text-value\">MALTA GAMING AUTHORITY (MGA)<\/span><\/span><\/div>\n<\/div>\n<\/div>\n<\/div>\n<\/div>\n<div><\/div>\n<div><\/div>\n<div>\n<h2 class=\"w-text us_custom_e5367e89 has_text_color\"><span class=\"w-text-h\"><span class=\"w-text-value\">COME CONTATTARE L\u2019ASSISTENZA CLIENTI?<\/span><\/span><\/h2>\n<p>PariPesa Italia, cos\u00ec come tutti gli affiliati di PariPesa.com, sono caratterizzati da un servizio di assistenza clienti sempre disponibile e pronto a rispondere a tutte le domande dei giocatori. Nel caso ci fossero problemi durante una sessione di gioco nella sezione live casin\u00f2, oppure mentre si cerca di piazzare una scommessa su un evento sportivo di proprio interesse, sar\u00e0 possibile ricevere immediato aiuto da un agente competente, cliccando sulla finestra di popup live chat situata in basso a destra nella pagina del sito, oppure compilando il modulo li segnalazione, o ancora inviando una mail direttamente al centro di assistenza.<\/p>\n<\/div>\n<\/div>\n<\/div>\n","protected":false},"excerpt":{"rendered":"<p>PariPesa RECENSIONE Con l\u2019avvento della tecnologia, sempre pi\u00f9 persone scelgono di servirsi di bookmaker e servizi di sport betting e online casino, risparmiandosi lunghe file nei centri di scommesse e nei bar dotati di slot machine. I servizi online consentono di godere sempre delle migliori quote del momento e di effettuare le scommesse istantaneamente, sempre [&hellip;]<\/p>\n","protected":false},"author":1,"featured_media":0,"parent":0,"menu_order":0,"comment_status":"closed","ping_status":"closed","template":"","meta":{"footnotes":""},"class_list":["post-1312","page","type-page","status-publish","hentry"],"acf":[],"yoast_head":"<!-- This site is optimized with the Yoast SEO plugin v25.1 - https:\/\/yoast.com\/wordpress\/plugins\/seo\/ -->\n<title>Home - PARIPESA ITALIA: SITO DI SCOMMESSE ONLINE SICURO<\/title>\n<meta name=\"robots\" content=\"index, follow, max-snippet:-1, max-image-preview:large, max-video-preview:-1\" \/>\n<link rel=\"canonical\" href=\"https:\/\/paripesaonl.com\/it\/\" \/>\n<meta property=\"og:locale\" content=\"it_IT\" \/>\n<meta property=\"og:type\" content=\"article\" \/>\n<meta property=\"og:title\" content=\"Home - PARIPESA ITALIA: SITO DI SCOMMESSE ONLINE SICURO\" \/>\n<meta property=\"og:description\" content=\"PariPesa RECENSIONE Con l\u2019avvento della tecnologia, sempre pi\u00f9 persone scelgono di servirsi di bookmaker e servizi di sport betting e online casino, risparmiandosi lunghe file nei centri di scommesse e nei bar dotati di slot machine. I servizi online consentono di godere sempre delle migliori quote del momento e di effettuare le scommesse istantaneamente, sempre [&hellip;]\" \/>\n<meta property=\"og:url\" content=\"https:\/\/paripesaonl.com\/it\/\" \/>\n<meta property=\"og:site_name\" content=\"PARIPESA ITALIA: SITO DI SCOMMESSE ONLINE SICURO\" \/>\n<meta property=\"article:modified_time\" content=\"2025-05-22T19:57:19+00:00\" \/>\n<meta name=\"twitter:card\" content=\"summary_large_image\" \/>\n<meta name=\"twitter:label1\" content=\"Tempo di lettura stimato\" \/>\n\t<meta name=\"twitter:data1\" content=\"10 minuti\" \/>\n<!-- \/ Yoast SEO plugin. -->","yoast_head_json":{"title":"Home - PARIPESA ITALIA: SITO DI SCOMMESSE ONLINE SICURO","robots":{"index":"index","follow":"follow","max-snippet":"max-snippet:-1","max-image-preview":"max-image-preview:large","max-video-preview":"max-video-preview:-1"},"canonical":"https:\/\/paripesaonl.com\/it\/","og_locale":"it_IT","og_type":"article","og_title":"Home - PARIPESA ITALIA: SITO DI SCOMMESSE ONLINE SICURO","og_description":"PariPesa RECENSIONE Con l\u2019avvento della tecnologia, sempre pi\u00f9 persone scelgono di servirsi di bookmaker e servizi di sport betting e online casino, risparmiandosi lunghe file nei centri di scommesse e nei bar dotati di slot machine. I servizi online consentono di godere sempre delle migliori quote del momento e di effettuare le scommesse istantaneamente, sempre [&hellip;]","og_url":"https:\/\/paripesaonl.com\/it\/","og_site_name":"PARIPESA ITALIA: SITO DI SCOMMESSE ONLINE SICURO","article_modified_time":"2025-05-22T19:57:19+00:00","twitter_card":"summary_large_image","twitter_misc":{"Tempo di lettura stimato":"10 minuti"},"schema":{"@context":"https:\/\/schema.org","@graph":[{"@type":"WebPage","@id":"https:\/\/paripesaonl.com\/it\/","url":"https:\/\/paripesaonl.com\/it\/","name":"Home - PARIPESA ITALIA: SITO DI SCOMMESSE ONLINE SICURO","isPartOf":{"@id":"https:\/\/paripesaonl.com\/#website"},"datePublished":"2023-08-30T06:17:46+00:00","dateModified":"2025-05-22T19:57:19+00:00","breadcrumb":{"@id":"https:\/\/paripesaonl.com\/it\/#breadcrumb"},"inLanguage":"it-IT","potentialAction":[{"@type":"ReadAction","target":["https:\/\/paripesaonl.com\/it\/"]}]},{"@type":"BreadcrumbList","@id":"https:\/\/paripesaonl.com\/it\/#breadcrumb","itemListElement":[{"@type":"ListItem","position":1,"name":"Home","item":"https:\/\/paripesaonl.com\/it\/"},{"@type":"ListItem","position":2,"name":"Home"}]},{"@type":"WebSite","@id":"https:\/\/paripesaonl.com\/#website","url":"https:\/\/paripesaonl.com\/","name":"PARIPESA ITALIA: SITO DI SCOMMESSE ONLINE SICURO","description":"","potentialAction":[{"@type":"SearchAction","target":{"@type":"EntryPoint","urlTemplate":"https:\/\/paripesaonl.com\/?s={search_term_string}"},"query-input":{"@type":"PropertyValueSpecification","valueRequired":true,"valueName":"search_term_string"}}],"inLanguage":"it-IT"}]}},"_links":{"self":[{"href":"https:\/\/paripesaonl.com\/it\/wp-json\/wp\/v2\/pages\/1312","targetHints":{"allow":["GET"]}}],"collection":[{"href":"https:\/\/paripesaonl.com\/it\/wp-json\/wp\/v2\/pages"}],"about":[{"href":"https:\/\/paripesaonl.com\/it\/wp-json\/wp\/v2\/types\/page"}],"author":[{"embeddable":true,"href":"https:\/\/paripesaonl.com\/it\/wp-json\/wp\/v2\/users\/1"}],"replies":[{"embeddable":true,"href":"https:\/\/paripesaonl.com\/it\/wp-json\/wp\/v2\/comments?post=1312"}],"version-history":[{"count":6,"href":"https:\/\/paripesaonl.com\/it\/wp-json\/wp\/v2\/pages\/1312\/revisions"}],"predecessor-version":[{"id":2179,"href":"https:\/\/paripesaonl.com\/it\/wp-json\/wp\/v2\/pages\/1312\/revisions\/2179"}],"wp:attachment":[{"href":"https:\/\/paripesaonl.com\/it\/wp-json\/wp\/v2\/media?parent=1312"}],"curies":[{"name":"wp","href":"https:\/\/api.w.org\/{rel}","templated":true}]}}