{"id":1347,"date":"2023-09-04T20:53:51","date_gmt":"2023-09-04T17:53:51","guid":{"rendered":"https:\/\/paripesaonl.com\/app\/"},"modified":"2025-10-21T15:04:26","modified_gmt":"2025-10-21T12:04:26","slug":"app","status":"publish","type":"page","link":"https:\/\/paripesaonl.com\/it\/app\/","title":{"rendered":"PARIPESA APP ITALIA"},"content":{"rendered":"<h1><span style=\"font-weight: 400;\">Paripesa App: installa il programma e gioca dal telefono<\/span><\/h1>\n<p><span style=\"font-weight: 400;\">La Paripesa App \u00e8 un programma che i giocatori possono scaricare sul proprio smartphone. La piattaforma di gioco d&#8217;azzardo l&#8217;ha creata appositamente per permetterti di giocare senza bisogno di un PC, rendendo il tuo tablet o smartphone un piccolo e compatto casin\u00f2. Bastano un paio di minuti per installarla e autorizzarla e avrai accesso immediato a tutte le funzioni!<\/span><\/p>\n<p><span style=\"font-weight: 400;\">Ottima notizia: l&#8217;installazione \u00e8 disponibile sia su dispositivi con sistemi operativi Android che iOS.\u00a0<\/span><\/p>\n<p><span style=\"font-weight: 400;\">Scarica App Paripesa scarica l&#8217;APK dell&#8217;ultima versione e accedi a tutte le funzioni: gioca alle slot, piazza scommesse, ricevi bonus, effettua pagamenti. Tutto \u00e8 disponibile comodamente dal tuo dispositivo mobile.<\/span><\/p>\n<h2><span style=\"font-weight: 400;\">Come effettuare il download dell&#8217;App Paripesa<\/span><\/h2>\n<p><span style=\"font-weight: 400;\">Non temere, perch\u00e9 per il download dell&#8217;app <a href=\"\/it\/\">Paripesa Italia<\/a> non ti serviranno molto tempo e azioni. Se il tuo smartphone ha il sistema operativo Android, \u00e8 ancora pi\u00f9 semplice, perch\u00e9 il file di installazione si trova direttamente sul sito web ufficiale. Certo, non lo troverai nel PlayStore a causa della politica del sistema operativo\u2026 ma \u00e8 meglio cos\u00ec, perch\u00e9 l&#8217;installazione sar\u00e0 pi\u00f9 sicura!<\/span><\/p>\n<h3><span style=\"font-weight: 400;\">Scarica Paripesa APK per android<\/span><\/h3>\n<p><span style=\"font-weight: 400;\">Scaricare la Paripesa APK per Android \u00e8 semplicissimo. Il file di installazione \u00e8 disponibile sul sito web ufficiale del bookmaker e del casin\u00f2 online, ed \u00e8 di pubblico dominio. Le istruzioni dettagliate fornite dagli esperti ti eviteranno di commettere errori. Seguile:<\/span><\/p>\n<ol>\n<li style=\"font-weight: 400;\" aria-level=\"1\"><span style=\"font-weight: 400;\">Apri il sito web ufficiale della piattaforma di gioco d&#8217;azzardo Paripesa (devi farlo dal tuo smartphone o tablet).<\/span><\/li>\n<li style=\"font-weight: 400;\" aria-level=\"1\"><span style=\"font-weight: 400;\">In fondo alla pagina principale vedrai il link ai file del programma.<\/span><\/li>\n<li style=\"font-weight: 400;\" aria-level=\"1\"><span style=\"font-weight: 400;\">Clicca sull&#8217;icona corrispondente al sistema operativo del tuo dispositivo (Android).<\/span><\/li>\n<li style=\"font-weight: 400;\" aria-level=\"1\"><span style=\"font-weight: 400;\">Attiva il download del file di installazione (se il sistema non consente l&#8217;installazione, vai alle impostazioni del telefono e attiva la funzione di riconoscimento dei file da fonti sconosciute, quindi ripeti la procedura).<\/span><\/li>\n<li style=\"font-weight: 400;\" aria-level=\"1\"><span style=\"font-weight: 400;\">Attendi il completamento dell&#8217;installazione del programma (ci vorranno circa un paio di minuti &#8211; il tempo di attesa dipende dalla velocit\u00e0 di Internet, quindi \u00e8 meglio utilizzare un punto di accesso Wi-Fi).<\/span><\/li>\n<\/ol>\n<p><span style=\"font-weight: 400;\">Bene, questo \u00e8 tutto! Non appena la procedura sar\u00e0 completata, vedrai un&#8217;icona con la scritta Paripesa sul tuo smartphone. Ora ti basta avviare l&#8217;applicazione nel modo standard. Quindi registrati o inserisci le credenziali se hai gi\u00e0 un account.<\/span><\/p>\n<h3><span style=\"font-weight: 400;\">Scarica Paripesa App su iOS<\/span><\/h3>\n<p><span style=\"font-weight: 400;\">Ottime notizie per i possessori di smartphone e tablet con sistema operativo iOS. La Paripesa Bet Appt \u00e8 disponibile direttamente dall&#8217;App Store. Qui il download \u00e8 ancora pi\u00f9 semplice e veloce rispetto ad Android. Ecco le istruzioni:<\/span><\/p>\n<ol>\n<li style=\"font-weight: 400;\" aria-level=\"1\"><span style=\"font-weight: 400;\">Apri l&#8217;App Store sul tuo dispositivo.<\/span><\/li>\n<li style=\"font-weight: 400;\" aria-level=\"1\"><span style=\"font-weight: 400;\">Nella barra di ricerca, inserisci il nome del nostro marchio di scommesse Paripesa.<\/span><\/li>\n<li style=\"font-weight: 400;\" aria-level=\"1\"><span style=\"font-weight: 400;\">Clicca sul pulsante di ricerca per ottenere tutti i risultati disponibili.<\/span><\/li>\n<li style=\"font-weight: 400;\" aria-level=\"1\"><span style=\"font-weight: 400;\">Seleziona l&#8217;applicazione desiderata e clicca sul pulsante Scarica e installa.<\/span><\/li>\n<\/ol>\n<p><span style=\"font-weight: 400;\">Non appena l&#8217;applicazione sar\u00e0 scaricata, verr\u00e0 installata automaticamente. Ora devi uscire dall&#8217;App Store e andare al menu del tuo dispositivo. L\u00ec vedrai l&#8217;icona di Paripesa: avvia e inizia a usare l&#8217;applicazione.<\/span><\/p>\n<h2><span style=\"font-weight: 400;\">App Paripesa scarica l&#8217;APK dell&#8217;ultima versione e requisiti di base del dispositivo<\/span><\/h2>\n<p><span style=\"font-weight: 400;\">I requisiti minimi sono ci\u00f2 che dovresti studiare prima dell&#8217;installazione. Si tratta di informazioni utili. Scoprirai quanto \u00e8 adatto il tuo dispositivo all&#8217;installazione e se il programma funzioner\u00e0 efficacemente senza bloccarsi. Se hai Android, la versione del sistema operativo dovrebbe essere almeno la 5.0. Se usi un iPhone, allora \u00e8 necessaria almeno la 11.0. Inoltre, controlla quanto spazio libero c&#8217;\u00e8 sul tuo smartphone: dovrebbe essere sufficiente.<\/span><\/p>\n<p><span style=\"font-weight: 400;\">La seguente tabella ti aiuter\u00e0 a capire se il tuo dispositivo mobile soddisfa i requisiti per scaricare l&#8217;applicazione.<\/span><\/p>\n<table>\n<tbody>\n<tr>\n<td><b>Piattaforma<\/b><\/td>\n<td><b>Requisiti minimi<\/b><\/td>\n<\/tr>\n<tr>\n<td><span style=\"font-weight: 400;\">Android<\/span><\/td>\n<td><span style=\"font-weight: 400;\">Versione Android 5.0 e successive, 100 MB di spazio liber<\/span><\/td>\n<\/tr>\n<tr>\n<td><span style=\"font-weight: 400;\">iOS<\/span><\/td>\n<td><span style=\"font-weight: 400;\">Versione iOS 11.0 e successive, compatibile con iPhone e iPad<\/span><\/td>\n<\/tr>\n<tr>\n<td><span style=\"font-weight: 400;\">Internet<\/span><\/td>\n<td><span style=\"font-weight: 400;\">Connessione stabile 3G\/4G\/5G\/Wi-Fi<\/span><\/td>\n<\/tr>\n<tr>\n<td><span style=\"font-weight: 400;\">Account<\/span><\/td>\n<td><span style=\"font-weight: 400;\">\u00c8 richiesta la registrazione<\/span><\/td>\n<\/tr>\n<\/tbody>\n<\/table>\n<p><span style=\"font-weight: 400;\">Questi requisiti ti aiuteranno a preparare adeguatamente il tuo dispositivo per l&#8217;installazione dell&#8217;applicazione.\u00a0<\/span><\/p>\n<h2><span style=\"font-weight: 400;\">Registrazione, accesso e ricarica del saldo tramite la Paripesa App<\/span><\/h2>\n<p><span style=\"font-weight: 400;\">Bene, se hai seguito le indicazioni riportate fino a qui, hai sicuramente risolto il problema dell&#8217;installazione. Ora per\u00f2 \u00e8 necessario registrarsi, perch\u00e9 senza un account l&#8217;applicazione non ti regaler\u00e0 le emozioni necessarie e non ti permetter\u00e0 di giocare al meglio. Rimarrai piacevolmente sorpreso, perch\u00e9 la registrazione richiede solo un paio di minuti.<\/span><\/p>\n<h3><span style=\"font-weight: 400;\">Registrazione su Paripesa<\/span><\/h3>\n<p><span style=\"font-weight: 400;\">Vuoi sfruttare appieno le funzionalit\u00e0 dell&#8217;applicazione mobile? Beh, non c&#8217;\u00e8 niente di complicato. Basta creare un account. La registrazione sar\u00e0 semplice e veloce. Solo un paio di minuti e sarai gi\u00e0 un utente a tutti gli effetti.<\/span><\/p>\n<p><span style=\"font-weight: 400;\">\u00c8 grazie alla registrazione che aprirai il tuo account personale, con il quale potrai condurre casi, utilizzare bonus e, soprattutto, giocare alle slot machine con puntate reali e ricevere le vincite.<\/span><\/p>\n<p><span style=\"font-weight: 400;\">Per registrarti tramite la Paripesa APP segui questi passaggi:<\/span><\/p>\n<ol>\n<li style=\"font-weight: 400;\" aria-level=\"1\"><span style=\"font-weight: 400;\">Apri l\u2019app.<\/span><\/li>\n<li style=\"font-weight: 400;\" aria-level=\"1\"><span style=\"font-weight: 400;\">Clicca sul pulsante di registrazione.<\/span><\/li>\n<li style=\"font-weight: 400;\" aria-level=\"1\"><span style=\"font-weight: 400;\">Compila i campi con i dati personali.<\/span><\/li>\n<li style=\"font-weight: 400;\" aria-level=\"1\"><span style=\"font-weight: 400;\">Crea una password efficace.<\/span><\/li>\n<li style=\"font-weight: 400;\" aria-level=\"1\"><span style=\"font-weight: 400;\">Conferma la registrazione tramite un codice SMS o cliccando sul link.<\/span><\/li>\n<\/ol>\n<p><span style=\"font-weight: 400;\">Rimarrai sorpreso, perch\u00e9 dopo la registrazione la piattaforma briller\u00e0 di nuovi colori. La prima e pi\u00f9 importante differenza che noterai sicuramente \u00e8 l&#8217;accesso a tutte le funzioni. S\u00ec, s\u00ec, ora potrai giocare, piazzare scommesse, effettuare pagamenti e utilizzare i bonus. E la cosa pi\u00f9 interessante \u00e8 che tutto questo diventa disponibile in soli 2 minuti.\u00a0<\/span><\/p>\n<p><span style=\"font-weight: 400;\">Cosa ancor pi\u00f9 importante, potrai giocare con puntate reali e ricevi prelievi. E, naturalmente, non dobbiamo dimenticare i bonus: dopo la registrazione saranno disponibili.<\/span><\/p>\n<h3><span style=\"font-weight: 400;\">Accedi tramite l&#8217;applicazione Mobile<\/span><\/h3>\n<p><span style=\"font-weight: 400;\">Una volta installata con successo l&#8217;applicazione mobile e completata la registrazione, il passo successivo \u00e8 accedere al tuo account personale. La procedura \u00e8 piuttosto semplice e standard. Grazie all&#8217;autorizzazione, si ottiene l&#8217;accesso a tutte le funzionalit\u00e0.<\/span><\/p>\n<p><span style=\"font-weight: 400;\">L&#8217;accesso alla piattaforma Paripesa \u00e8 semplice e veloce. Tutto avviene in tre semplici passaggi:<\/span><\/p>\n<ol>\n<li style=\"font-weight: 400;\" aria-level=\"1\"><span style=\"font-weight: 400;\">Avvia l&#8217;applicazione installata sul tuo telefono.<\/span><\/li>\n<li style=\"font-weight: 400;\" aria-level=\"1\"><span style=\"font-weight: 400;\">Vedrai un pulsante per accedere: \u00e8 quello che devi cliccare.<\/span><\/li>\n<li style=\"font-weight: 400;\" aria-level=\"1\"><span style=\"font-weight: 400;\">Inserisci i tuoi dati di autorizzazione (login e password).<\/span><\/li>\n<\/ol>\n<p><span style=\"font-weight: 400;\">Una volta effettuato l\u2019accesso, vedrai subito il saldo e potrai iniziare a scommettere. Da questo momento puoi usare tutte le funzioni dell\u2019app: piazzare scommesse sportive, partecipare a promozioni, ricaricare il saldo o prelevare le vincite.<\/span><\/p>\n<h2><span style=\"font-weight: 400;\">Citt\u00e0 Italiane in cui funziona l&#8217;app mobile Paripesa<\/span><\/h2>\n<p><span style=\"font-weight: 400;\">Paripesa APP \u00e8 disponibile in diverse regioni d&#8217;Italia. Gli utenti delle principali citt\u00e0 possono utilizzare appieno le funzionalit\u00e0 dell&#8217;app. I dettagli sono riportati nella tabella seguente.<\/span><\/p>\n<table>\n<tbody>\n<tr>\n<td><b>Regione<\/b><\/td>\n<td><b>Citt\u00e0<\/b><\/td>\n<\/tr>\n<tr>\n<td><span style=\"font-weight: 400;\">Lombardia<\/span><\/td>\n<td><span style=\"font-weight: 400;\">Milano, Bergamo, Brescia<\/span><\/td>\n<\/tr>\n<tr>\n<td><span style=\"font-weight: 400;\">Lazio<\/span><\/td>\n<td><span style=\"font-weight: 400;\">Roma, Tivoli, Frosinone<\/span><\/td>\n<\/tr>\n<tr>\n<td><span style=\"font-weight: 400;\">Campagna<\/span><\/td>\n<td><span style=\"font-weight: 400;\">Napoli, Salerno, Avellino<\/span><\/td>\n<\/tr>\n<tr>\n<td><span style=\"font-weight: 400;\">Veneto<\/span><\/td>\n<td><span style=\"font-weight: 400;\">Venezia, Verona, Padova<\/span><\/td>\n<\/tr>\n<tr>\n<td><span style=\"font-weight: 400;\">Toscana<\/span><\/td>\n<td><span style=\"font-weight: 400;\">Firenze, Pisa, Siena<\/span><\/td>\n<\/tr>\n<\/tbody>\n<\/table>\n<p><span style=\"font-weight: 400;\">La funzionalit\u00e0 della Paripesa mobile App \u00e8 la stessa per tutte le citt\u00e0 e la registrazione \u00e8 disponibile per tutti i residenti in Italia.<\/span><\/p>\n","protected":false},"excerpt":{"rendered":"<p>Paripesa App: installa il programma e gioca dal telefono La Paripesa App \u00e8 un programma che i giocatori possono scaricare sul proprio smartphone. La piattaforma di gioco d&#8217;azzardo l&#8217;ha creata appositamente per permetterti di giocare senza bisogno di un PC, rendendo il tuo tablet o smartphone un piccolo e compatto casin\u00f2. Bastano un paio di [&hellip;]<\/p>\n","protected":false},"author":1,"featured_media":0,"parent":0,"menu_order":0,"comment_status":"closed","ping_status":"closed","template":"","meta":{"footnotes":""},"class_list":["post-1347","page","type-page","status-publish","hentry"],"acf":[],"yoast_head":"<!-- This site is optimized with the Yoast SEO plugin v25.1 - https:\/\/yoast.com\/wordpress\/plugins\/seo\/ -->\n<title>Paripesa APP Italia - mobile Paripesa apk download<\/title>\n<meta name=\"description\" content=\"La Paripesa App \u00e8 un programma che i giocatori possono scaricare sul proprio smartphone. La piattaforma di gioco d&#039;azzardo l&#039;ha...\" \/>\n<meta name=\"robots\" content=\"index, follow, max-snippet:-1, max-image-preview:large, max-video-preview:-1\" \/>\n<link rel=\"canonical\" href=\"https:\/\/paripesaonl.com\/it\/app\/\" \/>\n<meta property=\"og:locale\" content=\"it_IT\" \/>\n<meta property=\"og:type\" content=\"article\" \/>\n<meta property=\"og:title\" content=\"Paripesa APP Italia - mobile Paripesa apk download\" \/>\n<meta property=\"og:description\" content=\"La Paripesa App \u00e8 un programma che i giocatori possono scaricare sul proprio smartphone. La piattaforma di gioco d&#039;azzardo l&#039;ha...\" \/>\n<meta property=\"og:url\" content=\"https:\/\/paripesaonl.com\/it\/app\/\" \/>\n<meta property=\"og:site_name\" content=\"PARIPESA ITALIA: SITO DI SCOMMESSE ONLINE SICURO\" \/>\n<meta property=\"article:modified_time\" content=\"2025-10-21T12:04:26+00:00\" \/>\n<meta name=\"twitter:card\" content=\"summary_large_image\" \/>\n<meta name=\"twitter:label1\" content=\"Tempo di lettura stimato\" \/>\n\t<meta name=\"twitter:data1\" content=\"5 minuti\" \/>\n<!-- \/ Yoast SEO plugin. -->","yoast_head_json":{"title":"Paripesa APP Italia - mobile Paripesa apk download","description":"La Paripesa App \u00e8 un programma che i giocatori possono scaricare sul proprio smartphone. La piattaforma di gioco d'azzardo l'ha...","robots":{"index":"index","follow":"follow","max-snippet":"max-snippet:-1","max-image-preview":"max-image-preview:large","max-video-preview":"max-video-preview:-1"},"canonical":"https:\/\/paripesaonl.com\/it\/app\/","og_locale":"it_IT","og_type":"article","og_title":"Paripesa APP Italia - mobile Paripesa apk download","og_description":"La Paripesa App \u00e8 un programma che i giocatori possono scaricare sul proprio smartphone. La piattaforma di gioco d'azzardo l'ha...","og_url":"https:\/\/paripesaonl.com\/it\/app\/","og_site_name":"PARIPESA ITALIA: SITO DI SCOMMESSE ONLINE SICURO","article_modified_time":"2025-10-21T12:04:26+00:00","twitter_card":"summary_large_image","twitter_misc":{"Tempo di lettura stimato":"5 minuti"},"schema":{"@context":"https:\/\/schema.org","@graph":[{"@type":"WebPage","@id":"https:\/\/paripesaonl.com\/it\/app\/","url":"https:\/\/paripesaonl.com\/it\/app\/","name":"Paripesa APP Italia - mobile Paripesa apk download","isPartOf":{"@id":"https:\/\/paripesaonl.com\/#website"},"datePublished":"2023-09-04T17:53:51+00:00","dateModified":"2025-10-21T12:04:26+00:00","description":"La Paripesa App \u00e8 un programma che i giocatori possono scaricare sul proprio smartphone. La piattaforma di gioco d'azzardo l'ha...","breadcrumb":{"@id":"https:\/\/paripesaonl.com\/it\/app\/#breadcrumb"},"inLanguage":"it-IT","potentialAction":[{"@type":"ReadAction","target":["https:\/\/paripesaonl.com\/it\/app\/"]}]},{"@type":"BreadcrumbList","@id":"https:\/\/paripesaonl.com\/it\/app\/#breadcrumb","itemListElement":[{"@type":"ListItem","position":1,"name":"Home","item":"https:\/\/paripesaonl.com\/it\/"},{"@type":"ListItem","position":2,"name":"PARIPESA APP ITALIA"}]},{"@type":"WebSite","@id":"https:\/\/paripesaonl.com\/#website","url":"https:\/\/paripesaonl.com\/","name":"PARIPESA ITALIA: SITO DI SCOMMESSE ONLINE SICURO","description":"","potentialAction":[{"@type":"SearchAction","target":{"@type":"EntryPoint","urlTemplate":"https:\/\/paripesaonl.com\/?s={search_term_string}"},"query-input":{"@type":"PropertyValueSpecification","valueRequired":true,"valueName":"search_term_string"}}],"inLanguage":"it-IT"}]}},"_links":{"self":[{"href":"https:\/\/paripesaonl.com\/it\/wp-json\/wp\/v2\/pages\/1347","targetHints":{"allow":["GET"]}}],"collection":[{"href":"https:\/\/paripesaonl.com\/it\/wp-json\/wp\/v2\/pages"}],"about":[{"href":"https:\/\/paripesaonl.com\/it\/wp-json\/wp\/v2\/types\/page"}],"author":[{"embeddable":true,"href":"https:\/\/paripesaonl.com\/it\/wp-json\/wp\/v2\/users\/1"}],"replies":[{"embeddable":true,"href":"https:\/\/paripesaonl.com\/it\/wp-json\/wp\/v2\/comments?post=1347"}],"version-history":[{"count":8,"href":"https:\/\/paripesaonl.com\/it\/wp-json\/wp\/v2\/pages\/1347\/revisions"}],"predecessor-version":[{"id":2217,"href":"https:\/\/paripesaonl.com\/it\/wp-json\/wp\/v2\/pages\/1347\/revisions\/2217"}],"wp:attachment":[{"href":"https:\/\/paripesaonl.com\/it\/wp-json\/wp\/v2\/media?parent=1347"}],"curies":[{"name":"wp","href":"https:\/\/api.w.org\/{rel}","templated":true}]}}