{"id":696,"date":"2023-09-04T20:39:55","date_gmt":"2023-09-04T17:39:55","guid":{"rendered":"https:\/\/paripesaonl.com\/?page_id=696"},"modified":"2025-05-23T20:47:55","modified_gmt":"2025-05-23T17:47:55","slug":"bonuses","status":"publish","type":"page","link":"https:\/\/paripesaonl.com\/pt-pt\/bonuses\/","title":{"rendered":"PariPesa B\u00d4NUS E PROMO\u00c7\u00d5ES"},"content":{"rendered":"<h2>REVIS\u00c3O DAS OFERTAS DE B\u00d4NUS<\/h2>\n<p>A casa de apostas PariPesa segue em disputa dentre as melhores do mundo, dessa forma, a casa conta com incr\u00edveis premia\u00e7\u00f5es, oferecendo aos seus usu\u00e1rios 100% de b\u00f3nus at\u00e9 100\u20ac em apostas desportivas como presente de boas-vindas, gerando real interesse do usu\u00e1rio de participar da plataforma visando obter boas ofertas em dinheiro, dentre outras v\u00e1rias promo\u00e7\u00f5es.<\/p>\n<p>Para os jogos de casino essa probabilidade poder\u00e1 chegar at\u00e9 300\u20ac de b\u00f3nus de boas-vindas. Refer\u00eancia no mercado, a plataforma disp\u00f5e seus benef\u00edcios aos jogadores em ambos os cen\u00e1rios, tanto em desporto quanto em casino, e o que n\u00e3o faltar\u00e1 ser\u00e3o op\u00e7\u00f5es, estamos falando de um incr\u00edvel e renomado leque de jogos de casino, com mais de 40 tipos das mais variadas op\u00e7\u00f5es.<\/p>\n<p>Vale ressaltar as exig\u00eancias de cumprimento do rollover, que n\u00e3o ser\u00e1 nenhum problema at\u00e9 porque a PariPesa Portugal permite aos jogadores contar com at\u00e9 7 dias para conclu\u00ed-lo, apesar da casa oferecer apenas uma semana para o cumprimento do rollover, a possibilidade de ganho ainda \u00e9 bastante atrativa em compara\u00e7\u00e3o com outras refer\u00eancias do mercado atual.<\/p>\n<h2>B\u00d3NUS DE BOAS-VINDAS PariPesa<\/h2>\n<p>Ao concluir o PariPesa registo, o futuro apostador contar\u00e1 com a possibilidade de ganho do b\u00f3nus de registo ao realizar seu primeiro dep\u00f3sito, sendo necess\u00e1rio apenas escolher dentre as op\u00e7\u00f5es dispon\u00edveis, op\u00e7\u00f5es estas que a plataforma disp\u00f5e tanto para apostas desportivas quanto para jogos de casino.<\/p>\n<p>Diferenciada por seu rollover acess\u00edvel, a plataforma tamb\u00e9m oferta promo\u00e7\u00f5es aos seus usu\u00e1rios fi\u00e9is que realizam dep\u00f3sitos com frequ\u00eancia, assim como possibilidade de ganhos na loja oficial, dispon\u00edvel dentro da plataforma do jogador.<\/p>\n<h2>PARA APOSTAS DESPORTIVAS<\/h2>\n<p>Como citado, o PariPesa bonus \u00e9 de 100% at\u00e9 100\u20ac, o valor atrativo garante \u00e0 casa estar dentre as primeiras op\u00e7\u00f5es dos portugueses. Vale lembrar que o dep\u00f3sito m\u00ednimo da plataforma \u00e9 de apenas 1\u20ac.<\/p>\n<p>Para a convers\u00e3o do b\u00f3nus em dinheiro real, ser\u00e1 necess\u00e1rio o cumprimento do rollover, a casa pede aos apostadores o m\u00ednimo de 5x em apostas m\u00faltiplas de no m\u00ednimo 3 sele\u00e7\u00f5es, com odds superiores a 1.40, desta forma, o usu\u00e1rio ter\u00e1 at\u00e9 7 dias para concluir o rollover.<\/p>\n<h2>PARA CASINO<\/h2>\n<p>Em seu renomado casino a PariPesa Portugal oferece a possibilidade de jogar slots online com jackpot, garantindo a confiabilidade do usu\u00e1rio seu enorme leque de jogos \u00e9 desenvolvido e protegido pelas melhores e mais conhecidas desenvolvedoras do mercado.<\/p>\n<p>Ao optar pelo b\u00f3nus de primeiro dep\u00f3sito no Casino online PariPesa, o usu\u00e1rio poder\u00e1 usufruir de 100% de b\u00f3nus at\u00e9 300\u20ac, sendo necess\u00e1rio apenas o cumprimento de alguns termos e condi\u00e7\u00f5es, que poder\u00e3o ser consultados livremente no site oficial da PariPesa PT.<\/p>\n<h2>PariPesa OFERTAS SEMANAIS<\/h2>\n<p>Funcionando desde 2017, a PariPesa online se consolidou no mercado com rapidez, e com intuito de manter seus usu\u00e1rios na plataforma, a casa criou programa\u00e7\u00f5es de b\u00f3nus de forma semanal, que garantem pr\u00e9mios aos usu\u00e1rios ass\u00edduos e ativos na plataforma. Al\u00e9m das promo\u00e7\u00f5es estabelecidas, pode ocorrer da casa disponibilizar c\u00f3digos promocionais PariPesa, desta forma, o usu\u00e1rio pode contar com v\u00e1rias op\u00e7\u00f5es para garantir o seu presente na casa.<\/p>\n<h2>PARA APOSTAS DESPORTIVAS<\/h2>\n<p>This is the official online store that PariPesa created especially for its players. PariPesa gives various points to players as bonuses or as compensation, which can be used on the site to buy various goods and merchandise online. The PariPesa points are custom money on the PariPesa shop.A possibilidade de ganho em dinheiro segue conquistando usu\u00e1rios na plataforma. Em desporto vamos encontrar algumas promo\u00e7\u00f5es dispon\u00edveis, tais como:<\/p>\n<p>\u2013 B\u00f3nus de Recarga: Trata-se de realizar apostas as sextas-feiras a partir de 1\u20ac e receber at\u00e9 100% do valor. N\u00e3o sendo necess\u00e1rio o c\u00f3digo de b\u00f3nus PariPesa<\/p>\n<p>\u2013 Jogo do Dia: Aqui a plataforma seleciona previamente um jogo, qualquer dia da semana, e caso o usu\u00e1rio acerte o resultado desse jogo, h\u00e1 ganho de apostas gratuitas<\/p>\n<p>\u2013 B\u00f3nus de Rebate: Possibilidade de receber um rebate semanal de 0,3% , que depende do valor das apostas realizadas<\/p>\n<h2>PARA JOGOS DE CASINO<\/h2>\n<p>Com certeza o Casino PariPesa n\u00e3o ficaria de fora no que se trata de oferta em dinheiro, n\u00e3o \u00e9 \u00e0 toa que a casa est\u00e1 dentre as mais populares de Portugal, atualmente a casa conta com a promo\u00e7\u00e3o.<\/p>\n<p>Corrida semanal: No fim da semana, os clientes mais bem classificados obt\u00eam um b\u00f3nus semanal, a classifica\u00e7\u00e3o acontece por pontos obtidos em slots, portanto, jogos de mesa e games com dealer ao vivo n\u00e3o entram na promo\u00e7\u00e3o. A cada 1\u20ac apostado se obt\u00e9m 100 pontos na corrida semanal, existindo 100 vencedores a cada corrida. Voce s\u00f3 procisa clicar em \u201cparticipar\u201d na p\u00e1gina da promo\u00e7\u00e3o para entrar na corrida, n\u00e3o sendo necess\u00e1rio depositar nem utilizar um c\u00f3digo de b\u00f3nus.<\/p>\n<h2>PariPesa SHOP<\/h2>\n<p>Troque os pontos PariPesa por apostas ou giros gr\u00e1tis. A loja est\u00e1 dispon\u00edvel de forma permanente no perfil do apostador. Lembrando que n\u00e3o \u00e9 necess\u00e1rio dinheiro real para comprar na loja PariPesa, apenas os pontos conquistados permite o usu\u00e1rio navegar e desfrutar dos produtos originais da marca.<\/p>\n<p>Quanto mais o usu\u00e1rio realiza suas apostas, mais pontos o jogador ganha, a cada 5\u20ac em apostas realizadas em desporto ou eSports o jogador ganha 1 ponto, tendo como requisito as probabilidades m\u00ednimas (1.3 para simples e 1.5 para m\u00faltiplas), j\u00e1 em jogos de casino, os pontos s\u00e3o adquiridos a cada 10\u20ac gastos em apostas.<\/p>\n<h2>PariPesa B\u00d3NUS DE ANIVERS\u00c1RIO: TODOS PODEM RECEBER PRESENTES PRA L\u00c1 DE INTERESSANTES<\/h2>\n<p>Nada melhor do que ganhar 500 pontos para utilizar na loja oficial da PariPesa Portugal no dia do seu anivers\u00e1rio, sendo permitido utilizar esses pontos da maneira que quiser dentro da loja. Lembrando que o b\u00f3nus \u00e9 adquirido automaticamente, desde que cumpra alguns termos e condi\u00e7\u00f5es, os principais s\u00e3o:<\/p>\n<p>\u2013 Concordar em receber e-mails<\/p>\n<p>\u2013 E-mail e telefone de contato verificados e ativos<\/p>\n<p>\u2013 PariPesa registo totalmente conclu\u00eddo, sendo importante verificar em \u201cMinha Conta\u201d<\/p>\n<p>\u00c9 necess\u00e1rio que desde o in\u00edcio das fun\u00e7\u00f5es de utilizador na casa, o apostador tenha concordado participar das programa\u00e7\u00f5es de b\u00f3nus da casa.<\/p>\n<p>Cumprindo as exig\u00eancias da promo\u00e7\u00e3o, o jogador ir\u00e1 ganhar 500 pontos de forma simples. Agora \u00e9 s\u00f3 aproveitar os benef\u00edcios da loja PariPesa.<\/p>\n","protected":false},"excerpt":{"rendered":"<p>REVIS\u00c3O DAS OFERTAS DE B\u00d4NUS A casa de apostas PariPesa segue em disputa dentre as melhores do mundo, dessa forma, a casa conta com incr\u00edveis premia\u00e7\u00f5es, oferecendo aos seus usu\u00e1rios 100% de b\u00f3nus at\u00e9 100\u20ac em apostas desportivas como presente de boas-vindas, gerando real interesse do usu\u00e1rio de participar da plataforma visando obter boas ofertas [&hellip;]<\/p>\n","protected":false},"author":1,"featured_media":0,"parent":0,"menu_order":0,"comment_status":"closed","ping_status":"closed","template":"","meta":{"footnotes":""},"class_list":["post-696","page","type-page","status-publish","hentry"],"acf":[],"yoast_head":"<!-- This site is optimized with the Yoast SEO plugin v25.1 - https:\/\/yoast.com\/wordpress\/plugins\/seo\/ -->\n<title>PariPesa B\u00d4NUS E PROMO\u00c7\u00d5ES - PariPesa PORTUGAL: SITE SEGURO DE APOSTAS ONLINE<\/title>\n<meta name=\"robots\" content=\"index, follow, max-snippet:-1, max-image-preview:large, max-video-preview:-1\" \/>\n<link rel=\"canonical\" href=\"https:\/\/paripesaonl.com\/pt-pt\/bonuses\/\" \/>\n<meta property=\"og:locale\" content=\"pt_PT\" \/>\n<meta property=\"og:type\" content=\"article\" \/>\n<meta property=\"og:title\" content=\"PariPesa B\u00d4NUS E PROMO\u00c7\u00d5ES - PariPesa PORTUGAL: SITE SEGURO DE APOSTAS ONLINE\" \/>\n<meta property=\"og:description\" content=\"REVIS\u00c3O DAS OFERTAS DE B\u00d4NUS A casa de apostas PariPesa segue em disputa dentre as melhores do mundo, dessa forma, a casa conta com incr\u00edveis premia\u00e7\u00f5es, oferecendo aos seus usu\u00e1rios 100% de b\u00f3nus at\u00e9 100\u20ac em apostas desportivas como presente de boas-vindas, gerando real interesse do usu\u00e1rio de participar da plataforma visando obter boas ofertas [&hellip;]\" \/>\n<meta property=\"og:url\" content=\"https:\/\/paripesaonl.com\/pt-pt\/bonuses\/\" \/>\n<meta property=\"og:site_name\" content=\"PariPesa PORTUGAL: SITE SEGURO DE APOSTAS ONLINE\" \/>\n<meta property=\"article:modified_time\" content=\"2025-05-23T17:47:55+00:00\" \/>\n<meta name=\"twitter:card\" content=\"summary_large_image\" \/>\n<meta name=\"twitter:label1\" content=\"Tempo estimado de leitura\" \/>\n\t<meta name=\"twitter:data1\" content=\"5 minutos\" \/>\n<!-- \/ Yoast SEO plugin. -->","yoast_head_json":{"title":"PariPesa B\u00d4NUS E PROMO\u00c7\u00d5ES - PariPesa PORTUGAL: SITE SEGURO DE APOSTAS ONLINE","robots":{"index":"index","follow":"follow","max-snippet":"max-snippet:-1","max-image-preview":"max-image-preview:large","max-video-preview":"max-video-preview:-1"},"canonical":"https:\/\/paripesaonl.com\/pt-pt\/bonuses\/","og_locale":"pt_PT","og_type":"article","og_title":"PariPesa B\u00d4NUS E PROMO\u00c7\u00d5ES - PariPesa PORTUGAL: SITE SEGURO DE APOSTAS ONLINE","og_description":"REVIS\u00c3O DAS OFERTAS DE B\u00d4NUS A casa de apostas PariPesa segue em disputa dentre as melhores do mundo, dessa forma, a casa conta com incr\u00edveis premia\u00e7\u00f5es, oferecendo aos seus usu\u00e1rios 100% de b\u00f3nus at\u00e9 100\u20ac em apostas desportivas como presente de boas-vindas, gerando real interesse do usu\u00e1rio de participar da plataforma visando obter boas ofertas [&hellip;]","og_url":"https:\/\/paripesaonl.com\/pt-pt\/bonuses\/","og_site_name":"PariPesa PORTUGAL: SITE SEGURO DE APOSTAS ONLINE","article_modified_time":"2025-05-23T17:47:55+00:00","twitter_card":"summary_large_image","twitter_misc":{"Tempo estimado de leitura":"5 minutos"},"schema":{"@context":"https:\/\/schema.org","@graph":[{"@type":"WebPage","@id":"https:\/\/paripesaonl.com\/pt-pt\/bonuses\/","url":"https:\/\/paripesaonl.com\/pt-pt\/bonuses\/","name":"PariPesa B\u00d4NUS E PROMO\u00c7\u00d5ES - PariPesa PORTUGAL: SITE SEGURO DE APOSTAS ONLINE","isPartOf":{"@id":"https:\/\/paripesaonl.com\/#website"},"datePublished":"2023-09-04T17:39:55+00:00","dateModified":"2025-05-23T17:47:55+00:00","breadcrumb":{"@id":"https:\/\/paripesaonl.com\/pt-pt\/bonuses\/#breadcrumb"},"inLanguage":"pt-PT","potentialAction":[{"@type":"ReadAction","target":["https:\/\/paripesaonl.com\/pt-pt\/bonuses\/"]}]},{"@type":"BreadcrumbList","@id":"https:\/\/paripesaonl.com\/pt-pt\/bonuses\/#breadcrumb","itemListElement":[{"@type":"ListItem","position":1,"name":"Home","item":"https:\/\/paripesaonl.com\/pt-pt\/"},{"@type":"ListItem","position":2,"name":"PariPesa B\u00d4NUS E PROMO\u00c7\u00d5ES"}]},{"@type":"WebSite","@id":"https:\/\/paripesaonl.com\/#website","url":"https:\/\/paripesaonl.com\/","name":"PariPesa PORTUGAL: SITE SEGURO DE APOSTAS ONLINE","description":"","potentialAction":[{"@type":"SearchAction","target":{"@type":"EntryPoint","urlTemplate":"https:\/\/paripesaonl.com\/?s={search_term_string}"},"query-input":{"@type":"PropertyValueSpecification","valueRequired":true,"valueName":"search_term_string"}}],"inLanguage":"pt-PT"}]}},"_links":{"self":[{"href":"https:\/\/paripesaonl.com\/pt-pt\/wp-json\/wp\/v2\/pages\/696","targetHints":{"allow":["GET"]}}],"collection":[{"href":"https:\/\/paripesaonl.com\/pt-pt\/wp-json\/wp\/v2\/pages"}],"about":[{"href":"https:\/\/paripesaonl.com\/pt-pt\/wp-json\/wp\/v2\/types\/page"}],"author":[{"embeddable":true,"href":"https:\/\/paripesaonl.com\/pt-pt\/wp-json\/wp\/v2\/users\/1"}],"replies":[{"embeddable":true,"href":"https:\/\/paripesaonl.com\/pt-pt\/wp-json\/wp\/v2\/comments?post=696"}],"version-history":[{"count":15,"href":"https:\/\/paripesaonl.com\/pt-pt\/wp-json\/wp\/v2\/pages\/696\/revisions"}],"predecessor-version":[{"id":2194,"href":"https:\/\/paripesaonl.com\/pt-pt\/wp-json\/wp\/v2\/pages\/696\/revisions\/2194"}],"wp:attachment":[{"href":"https:\/\/paripesaonl.com\/pt-pt\/wp-json\/wp\/v2\/media?parent=696"}],"curies":[{"name":"wp","href":"https:\/\/api.w.org\/{rel}","templated":true}]}}