{"id":725,"date":"2023-09-04T20:53:51","date_gmt":"2023-09-04T17:53:51","guid":{"rendered":"https:\/\/paripesaonl.com\/?page_id=725"},"modified":"2025-05-23T11:29:27","modified_gmt":"2025-05-23T08:29:27","slug":"app","status":"publish","type":"page","link":"https:\/\/paripesaonl.com\/pt-pt\/app\/","title":{"rendered":"PariPesa APP: APLICATIVO OFICIAL DE APOSTAS"},"content":{"rendered":"<h2>AN\u00c1LISE COMPLETA DO PariPesa APP<\/h2>\n<p>Hoje em dia a operadora de jogos PariPesa \u00e9 bastante conhecida n\u00e3o somente em Portugal, como tamb\u00e9m mundialmente, mesmo tendo chegado h\u00e1 pouco tempo na ind\u00fastria de apostas tem aumentado o seu crescimento consideravelmente. \u00c9 muito prov\u00e1vel que um dos motivos de tanto sucesso seja por oferecer servi\u00e7os de muita qualidade aos seus jogadores.<\/p>\n<p>Para confirmar isso, a empresa recentemente desenvolveu uma aplica\u00e7\u00e3o m\u00f3vel, assim os seus usu\u00e1rios conseguem ter ainda mais conforto e praticidade na hora de fazer suas apostas. Acompanhe nossa an\u00e1lise completa e saiba as funcionalidades e os recursos de poder jogar a qualquer hora e lugar com a PariPesa app, como tamb\u00e9m fazer o download em seu dispositivo iOS ou Android.<\/p>\n<h2>APLICA\u00c7\u00c3O M\u00d3VEL PARA ANDROID<\/h2>\n<p>Assim como acontece com o site, para o jogador conseguir aproveitar as vantagens em utilizar a operadora PariPesa como sua plataforma de apostas, antes ele precisa fazer seu registo no site oficial da empresa. Depois que isso for finalizado, atualize a p\u00e1gina e toque no banner \u201cAplica\u00e7\u00f5es para telem\u00f3vel PariPesa\u201d, o qual pode ser visualizado \u00e0 direita do site.<\/p>\n<p>Em seguida, aguarde alguns instantes at\u00e9 que seja encaminhado para a tela de instru\u00e7\u00f5es para o download. O aplicativo foi criado justamente para trazer mais praticidade ao jogador, por\u00e9m, a operadora ainda n\u00e3o permite que o processo de instala\u00e7\u00e3o seja realizado diretamente da sua loja de aplicativos, ou seja, da sua Play Store.<\/p>\n<h2>COMO DESCARREGAR A APLICA\u00c7\u00c3O NO ANDROID<\/h2>\n<p>\u2013 Na p\u00e1gina da operadora, o jogador pode clicar no link de download disponibilizado no site, \u00e9 preciso esperar apenas o come\u00e7o do processo de instala\u00e7\u00e3o<\/p>\n<p>\u2013 Em seu telem\u00f3vel, toque em \u201cConfigura\u00e7\u00f5es\u201d<\/p>\n<p>\u2013 Feito isso, agora \u00e9 necess\u00e1rio que toque em \u201cSeguran\u00e7a\u201d e em seguida em \u201cFontes desconhecidas\u201d. Nessa etapa, o jogador precisa permitir a instala\u00e7\u00e3o em seu dispositivo<\/p>\n<p>\u2013 Depois, toque em \u201cVoltar\u201d e aguarde at\u00e9 que apare\u00e7a uma janela de download e toque em \u201cAceitar\u201d<\/p>\n<p>\u2013 Em seguida, basta tocar em \u201cExecutar\u201d a PariPesa aplica\u00e7\u00e3o, tendo uma instala\u00e7\u00e3o com sucesso<\/p>\n<p>\u00c9 importante lembrar que se voc\u00ea \u00e9 um jogador que est\u00e1 familiarizado a fazer os seus palpites da empresa PariPesa e j\u00e1 tem um registo, fique ciente que n\u00e3o ser\u00e1 preciso a cria\u00e7\u00e3o de um novo, pois \u00e9 poss\u00edvel utilizar os mesmos dados de login e senha do s\u00edtio no seu dispositivo m\u00f3vel tamb\u00e9m.<\/p>\n<h2>COMO DESCARREGAR A APLICA\u00c7\u00c3O NO IOS<\/h2>\n<p>Caso o seu dispositivo m\u00f3vel seja iOS, saiba que voc\u00ea pode ter o processo de instala\u00e7\u00e3o ainda mais facilitado, j\u00e1 que \u00e9 poss\u00edvel instalar pela sua App Store, n\u00e3o sendo necess\u00e1rio utilizar a forma de download manual, assim como acontece para os usu\u00e1rios do Android. Talvez a app m\u00f3vel PariPesa n\u00e3o seja aceita dependendo da sua localidade, para isso, \u00e9 necess\u00e1rio seguir as seguintes instru\u00e7\u00f5es:<\/p>\n<p>Abra a sua App Store e busque pelo nome da operadora<br \/>\nAp\u00f3s identificar o app PariPesa, toque em \u201cInstalar\u201d<br \/>\nSe aparecer alguma mensagem de bloqueio, provavelmente o seu pa\u00eds de origem seja um dos motivos disso. Ent\u00e3o, localize e toque em \u201cConfigura\u00e7\u00f5es\u201d do seu aparelho telef\u00f4nico e altere a sua localidade<br \/>\nO jogador tamb\u00e9m consegue tocar no link apresentado no site, caso o processo de instala\u00e7\u00e3o n\u00e3o inicie imediatamente<br \/>\nEm seguida, leia os termos e condi\u00e7\u00f5es da aplica\u00e7\u00e3o m\u00f3vel e se estiver de acordo, clique em \u201cAceitar\u201d<br \/>\nPor \u00faltimo, basta aguardar o processo de download ser finalizado e o aplicativo j\u00e1 estar\u00e1 pronto para uso<br \/>\nOs usu\u00e1rios do sistema operacional iOS tamb\u00e9m n\u00e3o precisam abrir uma nova conta para conseguir utilizar a aplica\u00e7\u00e3o m\u00f3vel. Com isso, voc\u00ea pode inserir os mesmos dados de acesso no celular tamb\u00e9m.<\/p>\n<h2>VERS\u00c3O DO SITE NO SEU TELEM\u00d3VEL<\/h2>\n<p>\u00c9 fato que a aplica\u00e7\u00e3o m\u00f3vel facilita bastante a experi\u00eancia de qualquer jogador, seja ele iniciante ou experiente. Por\u00e9m, existem alguns usu\u00e1rios que preferem deixar o espa\u00e7o do seu celular mais livre, sem baixar qualquer aplicativo nele. Com isso, saiba que para a PariPesa isso n\u00e3o \u00e9 considerado um problema, j\u00e1 que a operadora tamb\u00e9m fornece a sua vers\u00e3o para desktop para qualquer navegador. Nessa op\u00e7\u00e3o, o jogador consegue ter um ecr\u00e3 bastante adapt\u00e1vel e otimizado, podendo navegar sem qualquer dificuldade em qualquer dispositivo.<\/p>\n<h2>COMPATIBILIDADE DA APLICA\u00c7\u00c3O<\/h2>\n<p>Como j\u00e1 informado anteriormente, a aplica\u00e7\u00e3o m\u00f3vel \u00e9 bastante compat\u00edvel com qualquer sistema operacional, tanto Android quanto iOS. Al\u00e9m do mais, caso voc\u00ea identifique algum tipo de impedimento na hora de acessar a aplica\u00e7\u00e3o para fazer os seus jogos, basta verificar se voc\u00ea est\u00e1 realmente utilizando a vers\u00e3o mais recente do sistema de seu smartphone ou tablet. Caso contr\u00e1rio, n\u00e3o se preocupe, fa\u00e7a apenas uma atualiza\u00e7\u00e3o simples e tente a navega\u00e7\u00e3o novamente.<\/p>\n<h2>APOSTANDO NO CASINO PariPesa EM SEU TELEM\u00d3VEL<\/h2>\n<p>Provavelmente voc\u00ea esteja se perguntando se poder\u00e1 ter acesso \u00e0s apostas pelo celular nas modalidades de casino online e saiba que isso \u00e9 totalmente poss\u00edvel. Assim como no site, o jogador pode aproveitar jogos como, por exemplo, no poker, blackjack e roleta. Os menus podem ser visualizados de forma f\u00e1cil, no qual tem suas se\u00e7\u00f5es bem divididas e organizadas para o jogador.<\/p>\n<p>Al\u00e9m do mais, voc\u00ea consegue encontrar bastante seguran\u00e7a em seus jogos n\u00e3o somente nas modalidades de casino, como tamb\u00e9m em v\u00e1rios outros eventos, j\u00e1 que a operadora conta com a ajuda de sistemas altamente confi\u00e1veis. A empresa possui v\u00e1rias camadas de seguran\u00e7a como, por exemplo, senha para entrar no site, configura\u00e7\u00e3o de Proxy e diversos outros cuidados para impedir qualquer problema em suas apostas.<\/p>\n<h2>BENEF\u00cdCIOS E VANTAGENS EM UTILIZAR A APLICA\u00c7\u00c3O DA PariPesa<\/h2>\n<p>Se voc\u00ea acompanhou a leitura do nosso artigo at\u00e9 aqui, j\u00e1 sabe de todos os benef\u00edcios e vantagens ao decidir usar o aplicativo na hora de fazer os seus palpites, por\u00e9m, iremos refor\u00e7ar isso mais uma vez. O usu\u00e1rio consegue ficar atento a tudo que acontece no mundo das apostas, pois o aplicativo possibilita que o jogador receba mensagens diariamente, sem correr o risco de perder os seus eventos preferidos.<\/p>\n<p>Al\u00e9m do mais, o aplicativo da PariPesa apk consegue proporcionar bastante seguran\u00e7a e privacidade aos jogadores, j\u00e1 que tem autoriza\u00e7\u00e3o de funcionamento do governo de Cura\u00e7ao, podendo oferecer os seus servi\u00e7os tranquilamente na internet. Ter a chance de fazer os seus jogos a qualquer momento, n\u00e3o importando a hora nem o local, \u00e9 uma das principais vantagens do aplicativo, possibilitando ainda mais liberdade em seus palpites.<\/p>\n","protected":false},"excerpt":{"rendered":"<p>AN\u00c1LISE COMPLETA DO PariPesa APP Hoje em dia a operadora de jogos PariPesa \u00e9 bastante conhecida n\u00e3o somente em Portugal, como tamb\u00e9m mundialmente, mesmo tendo chegado h\u00e1 pouco tempo na ind\u00fastria de apostas tem aumentado o seu crescimento consideravelmente. \u00c9 muito prov\u00e1vel que um dos motivos de tanto sucesso seja por oferecer servi\u00e7os de muita [&hellip;]<\/p>\n","protected":false},"author":1,"featured_media":0,"parent":0,"menu_order":0,"comment_status":"closed","ping_status":"closed","template":"","meta":{"footnotes":""},"class_list":["post-725","page","type-page","status-publish","hentry"],"acf":[],"yoast_head":"<!-- This site is optimized with the Yoast SEO plugin v25.1 - https:\/\/yoast.com\/wordpress\/plugins\/seo\/ -->\n<title>PariPesa APP: APLICATIVO OFICIAL DE APOSTAS - PariPesa PORTUGAL: SITE SEGURO DE APOSTAS ONLINE<\/title>\n<meta name=\"robots\" content=\"index, follow, max-snippet:-1, max-image-preview:large, max-video-preview:-1\" \/>\n<link rel=\"canonical\" href=\"https:\/\/paripesaonl.com\/pt-pt\/app\/\" \/>\n<meta property=\"og:locale\" content=\"pt_PT\" \/>\n<meta property=\"og:type\" content=\"article\" \/>\n<meta property=\"og:title\" content=\"PariPesa APP: APLICATIVO OFICIAL DE APOSTAS - PariPesa PORTUGAL: SITE SEGURO DE APOSTAS ONLINE\" \/>\n<meta property=\"og:description\" content=\"AN\u00c1LISE COMPLETA DO PariPesa APP Hoje em dia a operadora de jogos PariPesa \u00e9 bastante conhecida n\u00e3o somente em Portugal, como tamb\u00e9m mundialmente, mesmo tendo chegado h\u00e1 pouco tempo na ind\u00fastria de apostas tem aumentado o seu crescimento consideravelmente. \u00c9 muito prov\u00e1vel que um dos motivos de tanto sucesso seja por oferecer servi\u00e7os de muita [&hellip;]\" \/>\n<meta property=\"og:url\" content=\"https:\/\/paripesaonl.com\/pt-pt\/app\/\" \/>\n<meta property=\"og:site_name\" content=\"PariPesa PORTUGAL: SITE SEGURO DE APOSTAS ONLINE\" \/>\n<meta property=\"article:modified_time\" content=\"2025-05-23T08:29:27+00:00\" \/>\n<meta name=\"twitter:card\" content=\"summary_large_image\" \/>\n<meta name=\"twitter:label1\" content=\"Tempo estimado de leitura\" \/>\n\t<meta name=\"twitter:data1\" content=\"6 minutos\" \/>\n<!-- \/ Yoast SEO plugin. -->","yoast_head_json":{"title":"PariPesa APP: APLICATIVO OFICIAL DE APOSTAS - PariPesa PORTUGAL: SITE SEGURO DE APOSTAS ONLINE","robots":{"index":"index","follow":"follow","max-snippet":"max-snippet:-1","max-image-preview":"max-image-preview:large","max-video-preview":"max-video-preview:-1"},"canonical":"https:\/\/paripesaonl.com\/pt-pt\/app\/","og_locale":"pt_PT","og_type":"article","og_title":"PariPesa APP: APLICATIVO OFICIAL DE APOSTAS - PariPesa PORTUGAL: SITE SEGURO DE APOSTAS ONLINE","og_description":"AN\u00c1LISE COMPLETA DO PariPesa APP Hoje em dia a operadora de jogos PariPesa \u00e9 bastante conhecida n\u00e3o somente em Portugal, como tamb\u00e9m mundialmente, mesmo tendo chegado h\u00e1 pouco tempo na ind\u00fastria de apostas tem aumentado o seu crescimento consideravelmente. \u00c9 muito prov\u00e1vel que um dos motivos de tanto sucesso seja por oferecer servi\u00e7os de muita [&hellip;]","og_url":"https:\/\/paripesaonl.com\/pt-pt\/app\/","og_site_name":"PariPesa PORTUGAL: SITE SEGURO DE APOSTAS ONLINE","article_modified_time":"2025-05-23T08:29:27+00:00","twitter_card":"summary_large_image","twitter_misc":{"Tempo estimado de leitura":"6 minutos"},"schema":{"@context":"https:\/\/schema.org","@graph":[{"@type":"WebPage","@id":"https:\/\/paripesaonl.com\/pt-pt\/app\/","url":"https:\/\/paripesaonl.com\/pt-pt\/app\/","name":"PariPesa APP: APLICATIVO OFICIAL DE APOSTAS - PariPesa PORTUGAL: SITE SEGURO DE APOSTAS ONLINE","isPartOf":{"@id":"https:\/\/paripesaonl.com\/#website"},"datePublished":"2023-09-04T17:53:51+00:00","dateModified":"2025-05-23T08:29:27+00:00","breadcrumb":{"@id":"https:\/\/paripesaonl.com\/pt-pt\/app\/#breadcrumb"},"inLanguage":"pt-PT","potentialAction":[{"@type":"ReadAction","target":["https:\/\/paripesaonl.com\/pt-pt\/app\/"]}]},{"@type":"BreadcrumbList","@id":"https:\/\/paripesaonl.com\/pt-pt\/app\/#breadcrumb","itemListElement":[{"@type":"ListItem","position":1,"name":"Home","item":"https:\/\/paripesaonl.com\/pt-pt\/"},{"@type":"ListItem","position":2,"name":"PariPesa APP: APLICATIVO OFICIAL DE APOSTAS"}]},{"@type":"WebSite","@id":"https:\/\/paripesaonl.com\/#website","url":"https:\/\/paripesaonl.com\/","name":"PariPesa PORTUGAL: SITE SEGURO DE APOSTAS ONLINE","description":"","potentialAction":[{"@type":"SearchAction","target":{"@type":"EntryPoint","urlTemplate":"https:\/\/paripesaonl.com\/?s={search_term_string}"},"query-input":{"@type":"PropertyValueSpecification","valueRequired":true,"valueName":"search_term_string"}}],"inLanguage":"pt-PT"}]}},"_links":{"self":[{"href":"https:\/\/paripesaonl.com\/pt-pt\/wp-json\/wp\/v2\/pages\/725","targetHints":{"allow":["GET"]}}],"collection":[{"href":"https:\/\/paripesaonl.com\/pt-pt\/wp-json\/wp\/v2\/pages"}],"about":[{"href":"https:\/\/paripesaonl.com\/pt-pt\/wp-json\/wp\/v2\/types\/page"}],"author":[{"embeddable":true,"href":"https:\/\/paripesaonl.com\/pt-pt\/wp-json\/wp\/v2\/users\/1"}],"replies":[{"embeddable":true,"href":"https:\/\/paripesaonl.com\/pt-pt\/wp-json\/wp\/v2\/comments?post=725"}],"version-history":[{"count":10,"href":"https:\/\/paripesaonl.com\/pt-pt\/wp-json\/wp\/v2\/pages\/725\/revisions"}],"predecessor-version":[{"id":2186,"href":"https:\/\/paripesaonl.com\/pt-pt\/wp-json\/wp\/v2\/pages\/725\/revisions\/2186"}],"wp:attachment":[{"href":"https:\/\/paripesaonl.com\/pt-pt\/wp-json\/wp\/v2\/media?parent=725"}],"curies":[{"name":"wp","href":"https:\/\/api.w.org\/{rel}","templated":true}]}}